{"id":3,"date":"2023-10-02T08:27:17","date_gmt":"2023-10-02T08:27:17","guid":{"rendered":"http:\/\/elevator.lt\/?page_id=3"},"modified":"2023-12-24T14:20:10","modified_gmt":"2023-12-24T14:20:10","slug":"privatumo-politika","status":"publish","type":"page","link":"https:\/\/elevator.lt\/en\/privatumo-politika\/","title":{"rendered":"Privacy Policy"},"content":{"rendered":"<div data-elementor-type=\"wp-page\" data-elementor-id=\"3\" class=\"elementor elementor-3\" data-elementor-post-type=\"page\">\n\t\t\t\t<div class=\"elementor-element elementor-element-700d5e5f e-flex e-con-boxed e-con e-parent\" data-id=\"700d5e5f\" data-element_type=\"container\">\n\t\t\t\t\t<div class=\"e-con-inner\">\n\t\t\t\t<div class=\"elementor-element elementor-element-6e6bb828 elementor-widget elementor-widget-text-editor\" data-id=\"6e6bb828\" data-element_type=\"widget\" data-widget_type=\"text-editor.default\">\n\t\t\t\t<div class=\"elementor-widget-container\">\n\t\t\t\t\t\t\t\t\t<p><\/p>\n<p>Welcome to ELEVATOR website, owned and operated by UAB Solvitex, registered in Lithuania, European Union.<\/p>\n<p><\/p>\n<p><\/p>\n<p>This Privacy Policy (\u201cPolicy\u201d) applies to your access and use of this website and to the information you submit through this website. For the purpose of this Privacy Policy, \u201cthis website\u201d means elevator.lt<\/p>\n<p><\/p>\n<p><\/p>\n<h2 class=\"wp-block-heading\">Collection and use of information<\/h2>\n<p><\/p>\n<p><\/p>\n<ul class=\"wp-block-list\"><p><\/p>\n<li><strong>Information you provide:<\/strong>&nbsp;If you share information with our site, such as your email address and name, we will collect that information you submit. We will use this information to contact you, to provide you with our services or to improve our website that you use.<\/li>\n<p><\/p>\n<p><\/p>\n<li><strong>Information collected automatically:<\/strong>&nbsp;Like most website operators, we may collect information about your visit to this website that web browsers and servers typically make available, such as the browser type, language preference, referring site, the date and time of each visitor request, and Internet Protocol (IP) addresses for users leaving comments on our blog\/site. We collect this information so that we can better understand how our visitors use this website and so that we can improve services we offer you.<\/li>\n<p><\/p><\/ul>\n<p><\/p>\n<p><\/p>\n<h2 class=\"wp-block-heading\">Information storage<\/h2>\n<p><\/p>\n<p><\/p>\n<p>We may store information using cloud service providers. Currently, we use the following services:<\/p>\n<p><\/p>\n<p><\/p>\n<ul class=\"wp-block-list\"><p><\/p>\n<li>Our website content is managed by&nbsp;<a href=\"https:\/\/automattic.com\/privacy\/\">WordPress<\/a>&nbsp;and <a href=\"https:\/\/elementor.com\/about\/privacy\/\">Elementor<\/a> programs, and a website is hosted by&nbsp;<a href=\"https:\/\/www.siteground.com\/viewtos\/privacy_policy\">SiteGround.<\/a><\/li>\n<p><\/p>\n<p><\/p>\n<li>We schedule client calls with&nbsp;<a href=\"https:\/\/calendly.com\/pages\/privacy\">Calendly<\/a>.<\/li>\n<p><\/p><\/ul>\n<p><\/p>\n<p><\/p>\n<h2 class=\"wp-block-heading\">Information sharing&nbsp;<\/h2>\n<p><\/p>\n<p><\/p>\n<p>We will not share or sell the identifiable personal information we collect or generate except as we explain in this section.&nbsp;<\/p>\n<p><\/p>\n<p><\/p>\n<h2 class=\"wp-block-heading\">Cookies&nbsp;<\/h2>\n<p><\/p>\n<p><\/p>\n<p>We use&nbsp;<a href=\"https:\/\/www.google.com\/analytics\/\">Google Analytics<\/a>&nbsp;, which gives us information about how you use our website so that we can improve our website services for you. Visitors to this website who do not wish to enable cookies on their computers should set their browsers to refuse cookies before using this website.<\/p>\n<p><\/p>\n<p><\/p>\n<h2 class=\"wp-block-heading\">Updates&nbsp;<\/h2>\n<p><\/p>\n<p><\/p>\n<p>We will update or delete your personal information if you ask us to, unless we are legally required to keep it. You can reach us by writing an e-mail to mindaugas@elevator.lt&nbsp;<\/p>\n<p><\/p>\n<p><\/p>\n<h2 class=\"wp-block-heading\">Legal requests<\/h2>\n<p><\/p>\n<p><\/p>\n<p>We may be required to disclose information to comply with the Lithuanian and EU law.&nbsp;<\/p>\n<p><\/p>\n<p><\/p>\n<h2 class=\"wp-block-heading\">Changes<\/h2>\n<p><\/p>\n<p><\/p>\n<p>This Policy is active. We may change this Policy from time to time and we will share the changes on this page, so we invite you to visit this page. If you continue to use this website after the new changes take effect, you agree to the changed Policy.<\/p>\n<p><\/p>\n<p><\/p>\n<h2 class=\"wp-block-heading\">Contact<\/h2>\n<p><\/p>\n<p><\/p>\n<p>If you have any questions or comments about this Privacy Policy, please contact us by e-mail: mindaugas@elevator.lt<\/p>\n<p><\/p>\t\t\t\t\t\t\t\t<\/div>\n\t\t\t\t<\/div>\n\t\t\t\t\t<\/div>\n\t\t\t\t<\/div>\n\t\t\t\t<\/div>","protected":false},"excerpt":{"rendered":"<p>Sveiki atvyk\u0119 \u012f ELEVATOR svetain\u0119, kuri priklauso UAB Solvitex, registruotai Lietuvoje, Europos S\u0105jungoje. \u0160i Privatumo Politika (\u201cPolitika\u201d) yra skirta j\u016bs\u0173 prieigai ir naudojimuisi \u0161ia svetaine ir informacijai, kuria j\u016bs dalinat\u0117s \u0161ioje svetain\u0117je. \u0160ioje Privatumo Politikoje, \u201c\u0161i svetain\u0117\u201d rei\u0161kia elevator.lt Informacijos surinkimas ir jos naudojimas Informacijos laikymas Mes galimai laikysime j\u016bs\u0173 informacij\u0105, naudodamiesi nuotolini\u0173 i\u0161tekli\u0173 (angl. [&hellip;]<\/p>","protected":false},"author":1,"featured_media":0,"parent":0,"menu_order":0,"comment_status":"closed","ping_status":"closed","template":"","meta":{"_monsterinsights_skip_tracking":false,"_monsterinsights_sitenote_active":false,"_monsterinsights_sitenote_note":"","_monsterinsights_sitenote_category":0,"site-sidebar-layout":"default","site-content-layout":"","ast-site-content-layout":"","site-content-style":"default","site-sidebar-style":"default","ast-global-header-display":"","ast-banner-title-visibility":"","ast-main-header-display":"","ast-hfb-above-header-display":"","ast-hfb-below-header-display":"","ast-hfb-mobile-header-display":"","site-post-title":"","ast-breadcrumbs-content":"","ast-featured-img":"","footer-sml-layout":"","theme-transparent-header-meta":"","adv-header-id-meta":"","stick-header-meta":"","header-above-stick-meta":"","header-main-stick-meta":"","header-below-stick-meta":"","astra-migrate-meta-layouts":"default","ast-page-background-enabled":"default","ast-page-background-meta":{"desktop":{"background-color":"var(--ast-global-color-4)","background-image":"","background-repeat":"repeat","background-position":"center center","background-size":"auto","background-attachment":"scroll","background-type":"","background-media":"","overlay-type":"","overlay-color":"","overlay-opacity":"","overlay-gradient":""},"tablet":{"background-color":"","background-image":"","background-repeat":"repeat","background-position":"center center","background-size":"auto","background-attachment":"scroll","background-type":"","background-media":"","overlay-type":"","overlay-color":"","overlay-opacity":"","overlay-gradient":""},"mobile":{"background-color":"","background-image":"","background-repeat":"repeat","background-position":"center center","background-size":"auto","background-attachment":"scroll","background-type":"","background-media":"","overlay-type":"","overlay-color":"","overlay-opacity":"","overlay-gradient":""}},"ast-content-background-meta":{"desktop":{"background-color":"var(--ast-global-color-5)","background-image":"","background-repeat":"repeat","background-position":"center center","background-size":"auto","background-attachment":"scroll","background-type":"","background-media":"","overlay-type":"","overlay-color":"","overlay-opacity":"","overlay-gradient":""},"tablet":{"background-color":"var(--ast-global-color-5)","background-image":"","background-repeat":"repeat","background-position":"center center","background-size":"auto","background-attachment":"scroll","background-type":"","background-media":"","overlay-type":"","overlay-color":"","overlay-opacity":"","overlay-gradient":""},"mobile":{"background-color":"var(--ast-global-color-5)","background-image":"","background-repeat":"repeat","background-position":"center center","background-size":"auto","background-attachment":"scroll","background-type":"","background-media":"","overlay-type":"","overlay-color":"","overlay-opacity":"","overlay-gradient":""}},"footnotes":""},"class_list":["post-3","page","type-page","status-publish","hentry"],"yoast_head":"<!-- This site is optimized with the Yoast SEO plugin v23.4 - https:\/\/yoast.com\/wordpress\/plugins\/seo\/ -->\n<title>Privatumo Politika | ELEVATOR<\/title>\n<meta name=\"robots\" content=\"noindex, nofollow\" \/>\n<meta property=\"og:locale\" content=\"en_GB\" \/>\n<meta property=\"og:type\" content=\"article\" \/>\n<meta property=\"og:title\" content=\"Privatumo Politika | ELEVATOR\" \/>\n<meta property=\"og:description\" content=\"Sveiki atvyk\u0119 \u012f ELEVATOR svetain\u0119, kuri priklauso UAB Solvitex, registruotai Lietuvoje, Europos S\u0105jungoje. \u0160i Privatumo Politika (\u201cPolitika\u201d) yra skirta j\u016bs\u0173 prieigai ir naudojimuisi \u0161ia svetaine ir informacijai, kuria j\u016bs dalinat\u0117s \u0161ioje svetain\u0117je. \u0160ioje Privatumo Politikoje, \u201c\u0161i svetain\u0117\u201d rei\u0161kia elevator.lt Informacijos surinkimas ir jos naudojimas Informacijos laikymas Mes galimai laikysime j\u016bs\u0173 informacij\u0105, naudodamiesi nuotolini\u0173 i\u0161tekli\u0173 (angl. [&hellip;]\" \/>\n<meta property=\"og:url\" content=\"https:\/\/elevator.lt\/en\/privatumo-politika\/\" \/>\n<meta property=\"og:site_name\" content=\"ELEVATOR\" \/>\n<meta property=\"article:modified_time\" content=\"2023-12-24T14:20:10+00:00\" \/>\n<meta property=\"og:image\" content=\"https:\/\/elevator.lt\/wp-content\/uploads\/2023\/10\/Elevator-Logo-PNG-be-fono-01.png\" \/>\n\t<meta property=\"og:image:width\" content=\"3813\" \/>\n\t<meta property=\"og:image:height\" content=\"1148\" \/>\n\t<meta property=\"og:image:type\" content=\"image\/png\" \/>\n<script type=\"application\/ld+json\" class=\"yoast-schema-graph\">{\"@context\":\"https:\/\/schema.org\",\"@graph\":[{\"@type\":\"WebPage\",\"@id\":\"https:\/\/elevator.lt\/privatumo-politika\/\",\"url\":\"https:\/\/elevator.lt\/privatumo-politika\/\",\"name\":\"Privatumo Politika | ELEVATOR\",\"isPartOf\":{\"@id\":\"https:\/\/elevator.lt\/#website\"},\"datePublished\":\"2023-10-02T08:27:17+00:00\",\"dateModified\":\"2023-12-24T14:20:10+00:00\",\"breadcrumb\":{\"@id\":\"https:\/\/elevator.lt\/privatumo-politika\/#breadcrumb\"},\"inLanguage\":\"en-GB\",\"potentialAction\":[{\"@type\":\"ReadAction\",\"target\":[\"https:\/\/elevator.lt\/privatumo-politika\/\"]}]},{\"@type\":\"BreadcrumbList\",\"@id\":\"https:\/\/elevator.lt\/privatumo-politika\/#breadcrumb\",\"itemListElement\":[{\"@type\":\"ListItem\",\"position\":1,\"name\":\"Home\",\"item\":\"https:\/\/elevator.lt\/\"},{\"@type\":\"ListItem\",\"position\":2,\"name\":\"Privatumo Politika\"}]},{\"@type\":\"WebSite\",\"@id\":\"https:\/\/elevator.lt\/#website\",\"url\":\"https:\/\/elevator.lt\/\",\"name\":\"ELEVATOR\",\"description\":\"Strategini\u0173 transformacij\u0173 biuras\",\"publisher\":{\"@id\":\"https:\/\/elevator.lt\/#organization\"},\"potentialAction\":[{\"@type\":\"SearchAction\",\"target\":{\"@type\":\"EntryPoint\",\"urlTemplate\":\"https:\/\/elevator.lt\/?s={search_term_string}\"},\"query-input\":{\"@type\":\"PropertyValueSpecification\",\"valueRequired\":true,\"valueName\":\"search_term_string\"}}],\"inLanguage\":\"en-GB\"},{\"@type\":\"Organization\",\"@id\":\"https:\/\/elevator.lt\/#organization\",\"name\":\"ELEVATOR\",\"url\":\"https:\/\/elevator.lt\/\",\"logo\":{\"@type\":\"ImageObject\",\"inLanguage\":\"en-GB\",\"@id\":\"https:\/\/elevator.lt\/#\/schema\/logo\/image\/\",\"url\":\"http:\/\/elevator.lt\/wp-content\/uploads\/2023\/10\/Elevator-Logo-PNG-be-fono-01.png\",\"contentUrl\":\"http:\/\/elevator.lt\/wp-content\/uploads\/2023\/10\/Elevator-Logo-PNG-be-fono-01.png\",\"width\":3813,\"height\":1148,\"caption\":\"ELEVATOR\"},\"image\":{\"@id\":\"https:\/\/elevator.lt\/#\/schema\/logo\/image\/\"}}]}<\/script>\n<!-- \/ Yoast SEO plugin. -->","yoast_head_json":{"title":"Privatumo Politika | ELEVATOR","robots":{"index":"noindex","follow":"nofollow"},"og_locale":"en_GB","og_type":"article","og_title":"Privatumo Politika | ELEVATOR","og_description":"Sveiki atvyk\u0119 \u012f ELEVATOR svetain\u0119, kuri priklauso UAB Solvitex, registruotai Lietuvoje, Europos S\u0105jungoje. \u0160i Privatumo Politika (\u201cPolitika\u201d) yra skirta j\u016bs\u0173 prieigai ir naudojimuisi \u0161ia svetaine ir informacijai, kuria j\u016bs dalinat\u0117s \u0161ioje svetain\u0117je. \u0160ioje Privatumo Politikoje, \u201c\u0161i svetain\u0117\u201d rei\u0161kia elevator.lt Informacijos surinkimas ir jos naudojimas Informacijos laikymas Mes galimai laikysime j\u016bs\u0173 informacij\u0105, naudodamiesi nuotolini\u0173 i\u0161tekli\u0173 (angl. [&hellip;]","og_url":"https:\/\/elevator.lt\/en\/privatumo-politika\/","og_site_name":"ELEVATOR","article_modified_time":"2023-12-24T14:20:10+00:00","og_image":[{"width":3813,"height":1148,"url":"https:\/\/elevator.lt\/wp-content\/uploads\/2023\/10\/Elevator-Logo-PNG-be-fono-01.png","type":"image\/png"}],"schema":{"@context":"https:\/\/schema.org","@graph":[{"@type":"WebPage","@id":"https:\/\/elevator.lt\/privatumo-politika\/","url":"https:\/\/elevator.lt\/privatumo-politika\/","name":"Privatumo Politika | ELEVATOR","isPartOf":{"@id":"https:\/\/elevator.lt\/#website"},"datePublished":"2023-10-02T08:27:17+00:00","dateModified":"2023-12-24T14:20:10+00:00","breadcrumb":{"@id":"https:\/\/elevator.lt\/privatumo-politika\/#breadcrumb"},"inLanguage":"en-GB","potentialAction":[{"@type":"ReadAction","target":["https:\/\/elevator.lt\/privatumo-politika\/"]}]},{"@type":"BreadcrumbList","@id":"https:\/\/elevator.lt\/privatumo-politika\/#breadcrumb","itemListElement":[{"@type":"ListItem","position":1,"name":"Home","item":"https:\/\/elevator.lt\/"},{"@type":"ListItem","position":2,"name":"Privatumo Politika"}]},{"@type":"WebSite","@id":"https:\/\/elevator.lt\/#website","url":"https:\/\/elevator.lt\/","name":"ELEVATOR","description":"Strategini\u0173 transformacij\u0173 biuras","publisher":{"@id":"https:\/\/elevator.lt\/#organization"},"potentialAction":[{"@type":"SearchAction","target":{"@type":"EntryPoint","urlTemplate":"https:\/\/elevator.lt\/?s={search_term_string}"},"query-input":{"@type":"PropertyValueSpecification","valueRequired":true,"valueName":"search_term_string"}}],"inLanguage":"en-GB"},{"@type":"Organization","@id":"https:\/\/elevator.lt\/#organization","name":"ELEVATOR","url":"https:\/\/elevator.lt\/","logo":{"@type":"ImageObject","inLanguage":"en-GB","@id":"https:\/\/elevator.lt\/#\/schema\/logo\/image\/","url":"http:\/\/elevator.lt\/wp-content\/uploads\/2023\/10\/Elevator-Logo-PNG-be-fono-01.png","contentUrl":"http:\/\/elevator.lt\/wp-content\/uploads\/2023\/10\/Elevator-Logo-PNG-be-fono-01.png","width":3813,"height":1148,"caption":"ELEVATOR"},"image":{"@id":"https:\/\/elevator.lt\/#\/schema\/logo\/image\/"}}]}},"_links":{"self":[{"href":"https:\/\/elevator.lt\/en\/wp-json\/wp\/v2\/pages\/3"}],"collection":[{"href":"https:\/\/elevator.lt\/en\/wp-json\/wp\/v2\/pages"}],"about":[{"href":"https:\/\/elevator.lt\/en\/wp-json\/wp\/v2\/types\/page"}],"author":[{"embeddable":true,"href":"https:\/\/elevator.lt\/en\/wp-json\/wp\/v2\/users\/1"}],"replies":[{"embeddable":true,"href":"https:\/\/elevator.lt\/en\/wp-json\/wp\/v2\/comments?post=3"}],"version-history":[{"count":13,"href":"https:\/\/elevator.lt\/en\/wp-json\/wp\/v2\/pages\/3\/revisions"}],"predecessor-version":[{"id":5895,"href":"https:\/\/elevator.lt\/en\/wp-json\/wp\/v2\/pages\/3\/revisions\/5895"}],"wp:attachment":[{"href":"https:\/\/elevator.lt\/en\/wp-json\/wp\/v2\/media?parent=3"}],"curies":[{"name":"wp","href":"https:\/\/api.w.org\/{rel}","templated":true}]}}