{"id":5946,"date":"2024-02-09T08:35:14","date_gmt":"2024-02-09T08:35:14","guid":{"rendered":"http:\/\/elevator.lt\/?page_id=5946"},"modified":"2025-05-12T06:21:57","modified_gmt":"2025-05-12T06:21:57","slug":"verslo-problemu-sprendimas","status":"publish","type":"page","link":"https:\/\/elevator.lt\/en\/verslo-problemu-sprendimas\/","title":{"rendered":"Business problem solving"},"content":{"rendered":"<div data-elementor-type=\"wp-page\" data-elementor-id=\"5946\" class=\"elementor elementor-5946\" data-elementor-post-type=\"page\">\n\t\t\t\t\t\t<section class=\"elementor-section elementor-top-section elementor-element elementor-element-1a1b650 elementor-section-content-middle elementor-reverse-mobile elementor-section-boxed elementor-section-height-default elementor-section-height-default\" data-id=\"1a1b650\" data-element_type=\"section\" data-settings=\"{&quot;background_background&quot;:&quot;classic&quot;}\">\n\t\t\t\t\t\t\t<div class=\"elementor-background-overlay\"><\/div>\n\t\t\t\t\t\t\t<div class=\"elementor-container elementor-column-gap-no\">\n\t\t\t\t\t<div class=\"elementor-column elementor-col-50 elementor-top-column elementor-element elementor-element-81637d0\" data-id=\"81637d0\" data-element_type=\"column\">\n\t\t\t<div class=\"elementor-widget-wrap elementor-element-populated\">\n\t\t\t\t\t\t<div class=\"elementor-element elementor-element-2bcd696 elementor-widget__width-initial elementor-widget elementor-widget-heading\" data-id=\"2bcd696\" data-element_type=\"widget\" data-widget_type=\"heading.default\">\n\t\t\t\t<div class=\"elementor-widget-container\">\n\t\t\t\t\t<h3 class=\"elementor-heading-title elementor-size-default\">Business problem solving<\/h3>\t\t\t\t<\/div>\n\t\t\t\t<\/div>\n\t\t\t\t<div class=\"elementor-element elementor-element-dcb23ae elementor-widget elementor-widget-text-editor\" data-id=\"dcb23ae\" data-element_type=\"widget\" data-widget_type=\"text-editor.default\">\n\t\t\t\t<div class=\"elementor-widget-container\">\n\t\t\t\t\t\t\t\t\t<p>Solving business problems is the key to your success. Facing challenges in your business? Not sure how to effectively solve problems and achieve your goals?<\/p><p>We are here to help! We provide complex business problem solving services to help companies in various areas:<\/p><p>\u2022 <strong>Strategy development<\/strong>: We will help define the vision, mission and goals of your business, and create an effective strategy to achieve them.<br \/>\u2022 <strong>Problem analysis<\/strong>: Using various methods, we will analyze your business problems in detail and identify their causes.<br \/>\u2022 <strong>Creating solutions<\/strong>: Based on our experience and knowledge, we will offer creative and practical solutions to the problem.<br \/>\u2022 <strong>Implementation<\/strong>: We will help implement the created solutions, monitor the results and provide recommendations for further improvement.<\/p>\t\t\t\t\t\t\t\t<\/div>\n\t\t\t\t<\/div>\n\t\t\t\t\t<\/div>\n\t\t<\/div>\n\t\t\t\t<div class=\"elementor-column elementor-col-50 elementor-top-column elementor-element elementor-element-b44b823\" data-id=\"b44b823\" data-element_type=\"column\" data-settings=\"{&quot;background_background&quot;:&quot;classic&quot;}\">\n\t\t\t<div class=\"elementor-widget-wrap elementor-element-populated\">\n\t\t\t\t\t\t<div class=\"elementor-element elementor-element-0556738 elementor-hidden-mobile elementor-widget elementor-widget-image\" data-id=\"0556738\" data-element_type=\"widget\" data-widget_type=\"image.default\">\n\t\t\t\t<div class=\"elementor-widget-container\">\n\t\t\t\t\t\t\t\t\t\t\t\t\t\t\t<img decoding=\"async\" src=\"https:\/\/elevator.lt\/wp-content\/uploads\/elementor\/thumbs\/Kalnai-qu04soxlyku9tavwqkw2bnsn5fe13hn2wqs6nk92yo.jpg\" title=\"Verslininkas ant kalno \u0161vie\u010dia su pro\u017eektoriumi \u012f visatos dang\u0173\" alt=\"Verslininkas ant kalno \u0161vie\u010dia su pro\u017eektoriumi \u012f visatos dang\u0173\" loading=\"lazy\" \/>\t\t\t\t\t\t\t\t\t\t\t\t\t\t\t<\/div>\n\t\t\t\t<\/div>\n\t\t\t\t\t<\/div>\n\t\t<\/div>\n\t\t\t\t\t<\/div>\n\t\t<\/section>\n\t\t<div class=\"elementor-element elementor-element-e230d71 elementor-hidden-desktop elementor-hidden-laptop elementor-hidden-tablet e-flex e-con-boxed e-con e-parent\" data-id=\"e230d71\" data-element_type=\"container\" data-settings=\"{&quot;background_background&quot;:&quot;classic&quot;}\">\n\t\t\t\t\t<div class=\"e-con-inner\">\n\t\t\t\t<div class=\"elementor-element elementor-element-25dcc2a elementor-hidden-mobile elementor-widget elementor-widget-image\" data-id=\"25dcc2a\" data-element_type=\"widget\" data-widget_type=\"image.default\">\n\t\t\t\t<div class=\"elementor-widget-container\">\n\t\t\t\t\t\t\t\t\t\t\t\t\t\t\t<img decoding=\"async\" src=\"https:\/\/elevator.lt\/wp-content\/uploads\/elementor\/thumbs\/Kalnai-qu04soxlyku9tavwqkw2bnsn5fe13hn2wqs6nk92yo.jpg\" title=\"Verslininkas ant kalno \u0161vie\u010dia su pro\u017eektoriumi \u012f visatos dang\u0173\" alt=\"Verslininkas ant kalno \u0161vie\u010dia su pro\u017eektoriumi \u012f visatos dang\u0173\" loading=\"lazy\" \/>\t\t\t\t\t\t\t\t\t\t\t\t\t\t\t<\/div>\n\t\t\t\t<\/div>\n\t\t\t\t\t<\/div>\n\t\t\t\t<\/div>\n\t\t<div class=\"elementor-element elementor-element-231a82a e-flex e-con-boxed e-con e-parent\" data-id=\"231a82a\" data-element_type=\"container\" data-settings=\"{&quot;background_background&quot;:&quot;classic&quot;}\">\n\t\t\t\t\t<div class=\"e-con-inner\">\n\t\t<div class=\"elementor-element elementor-element-46f05f4 e-con-full e-flex e-con e-child\" data-id=\"46f05f4\" data-element_type=\"container\">\n\t\t\t\t<div class=\"elementor-element elementor-element-2038b28 elementor-widget-mobile__width-inherit elementor-widget elementor-widget-heading\" data-id=\"2038b28\" data-element_type=\"widget\" data-widget_type=\"heading.default\">\n\t\t\t\t<div class=\"elementor-widget-container\">\n\t\t\t\t\t<h2 class=\"elementor-heading-title elementor-size-default\">Our clients<\/h2>\t\t\t\t<\/div>\n\t\t\t\t<\/div>\n\t\t\t\t<\/div>\n\t\t\t\t\t<\/div>\n\t\t\t\t<\/div>\n\t\t<div class=\"elementor-element elementor-element-dbd2b4d e-flex e-con-boxed e-con e-parent\" data-id=\"dbd2b4d\" data-element_type=\"container\" data-settings=\"{&quot;background_background&quot;:&quot;classic&quot;}\">\n\t\t\t\t\t<div class=\"e-con-inner\">\n\t\t<div class=\"elementor-element elementor-element-4a5b0a0 e-con-full e-flex e-con e-child\" data-id=\"4a5b0a0\" data-element_type=\"container\">\n\t\t\t\t<div class=\"elementor-element elementor-element-d075928 elementor-widget-mobile__width-inherit elementor-widget elementor-widget-image-carousel\" data-id=\"d075928\" data-element_type=\"widget\" data-settings=\"{&quot;slides_to_show&quot;:&quot;5&quot;,&quot;slides_to_show_mobile&quot;:&quot;2&quot;,&quot;navigation&quot;:&quot;none&quot;,&quot;autoplay_speed&quot;:2000,&quot;autoplay&quot;:&quot;yes&quot;,&quot;pause_on_hover&quot;:&quot;yes&quot;,&quot;pause_on_interaction&quot;:&quot;yes&quot;,&quot;infinite&quot;:&quot;yes&quot;,&quot;speed&quot;:500}\" data-widget_type=\"image-carousel.default\">\n\t\t\t\t<div class=\"elementor-widget-container\">\n\t\t\t\t\t\t\t<div class=\"elementor-image-carousel-wrapper swiper\" role=\"region\" aria-roledescription=\"carousel\" aria-label=\"Image Carousel\" dir=\"ltr\">\n\t\t\t<div class=\"elementor-image-carousel swiper-wrapper\" aria-live=\"off\">\n\t\t\t\t\t\t\t\t<div class=\"swiper-slide\" role=\"group\" aria-roledescription=\"slide\" aria-label=\"1 of 9\" data-no-translation-aria-label=\"\"><figure class=\"swiper-slide-inner\"><img decoding=\"async\" class=\"swiper-slide-image\" src=\"https:\/\/elevator.lt\/wp-content\/uploads\/2025\/05\/AutoEDU.webp\" alt=\"AutoEDU\" \/><\/figure><\/div><div class=\"swiper-slide\" role=\"group\" aria-roledescription=\"slide\" aria-label=\"2 of 9\" data-no-translation-aria-label=\"\"><figure class=\"swiper-slide-inner\"><img decoding=\"async\" class=\"swiper-slide-image\" src=\"https:\/\/elevator.lt\/wp-content\/uploads\/2025\/05\/Kanco.webp\" alt=\"Kanco\" \/><\/figure><\/div><div class=\"swiper-slide\" role=\"group\" aria-roledescription=\"slide\" aria-label=\"3 of 9\" data-no-translation-aria-label=\"\"><figure class=\"swiper-slide-inner\"><img decoding=\"async\" class=\"swiper-slide-image\" src=\"https:\/\/elevator.lt\/wp-content\/uploads\/2025\/05\/Metalo-Asai.webp\" alt=\"Metalo Asai\" \/><\/figure><\/div><div class=\"swiper-slide\" role=\"group\" aria-roledescription=\"slide\" aria-label=\"4 of 9\" data-no-translation-aria-label=\"\"><figure class=\"swiper-slide-inner\"><img decoding=\"async\" class=\"swiper-slide-image\" src=\"https:\/\/elevator.lt\/wp-content\/uploads\/2025\/05\/CT.webp\" alt=\"CT\" \/><\/figure><\/div><div class=\"swiper-slide\" role=\"group\" aria-roledescription=\"slide\" aria-label=\"5 of 9\" data-no-translation-aria-label=\"\"><figure class=\"swiper-slide-inner\"><img decoding=\"async\" class=\"swiper-slide-image\" src=\"https:\/\/elevator.lt\/wp-content\/uploads\/2023\/10\/Ervoltas_logo-min-1.png\" alt=\"Elevator kliento Ervoltas logo\" \/><\/figure><\/div><div class=\"swiper-slide\" role=\"group\" aria-roledescription=\"slide\" aria-label=\"6 of 9\" data-no-translation-aria-label=\"\"><figure class=\"swiper-slide-inner\"><img decoding=\"async\" class=\"swiper-slide-image\" src=\"https:\/\/elevator.lt\/wp-content\/uploads\/2025\/05\/Royal-Denta.webp\" alt=\"Royal Denta\" \/><\/figure><\/div><div class=\"swiper-slide\" role=\"group\" aria-roledescription=\"slide\" aria-label=\"7 of 9\" data-no-translation-aria-label=\"\"><figure class=\"swiper-slide-inner\"><img decoding=\"async\" class=\"swiper-slide-image\" src=\"https:\/\/elevator.lt\/wp-content\/uploads\/2025\/05\/Daviva-logo.webp\" alt=\"Daviva-logo\" \/><\/figure><\/div><div class=\"swiper-slide\" role=\"group\" aria-roledescription=\"slide\" aria-label=\"8 of 9\" data-no-translation-aria-label=\"\"><figure class=\"swiper-slide-inner\"><img decoding=\"async\" class=\"swiper-slide-image\" src=\"https:\/\/elevator.lt\/wp-content\/uploads\/2025\/05\/Logo-kemperiai365.webp\" alt=\"Logo-kemperiai365\" \/><\/figure><\/div><div class=\"swiper-slide\" role=\"group\" aria-roledescription=\"slide\" aria-label=\"9 of 9\" data-no-translation-aria-label=\"\"><figure class=\"swiper-slide-inner\"><img decoding=\"async\" class=\"swiper-slide-image\" src=\"https:\/\/elevator.lt\/wp-content\/uploads\/2025\/05\/Logo-Lestena.webp\" alt=\"Logo-Lestena\" \/><\/figure><\/div>\t\t\t<\/div>\n\t\t\t\t\t\t\t\n\t\t\t\t\t\t\t\t\t<\/div>\n\t\t\t\t\t\t<\/div>\n\t\t\t\t<\/div>\n\t\t\t\t<\/div>\n\t\t\t\t\t<\/div>\n\t\t\t\t<\/div>\n\t\t<div class=\"elementor-element elementor-element-b9e99a9 e-con-full e-flex e-con e-parent\" data-id=\"b9e99a9\" data-element_type=\"container\" data-settings=\"{&quot;background_background&quot;:&quot;classic&quot;}\">\n\t\t<div class=\"elementor-element elementor-element-7290b7d e-con-full e-flex e-con e-child\" data-id=\"7290b7d\" data-element_type=\"container\" data-settings=\"{&quot;background_background&quot;:&quot;classic&quot;}\">\n\t\t\t\t<div class=\"elementor-element elementor-element-a081f6d elementor-widget-mobile__width-inherit elementor-widget elementor-widget-html\" data-id=\"a081f6d\" data-element_type=\"widget\" data-widget_type=\"html.default\">\n\t\t\t\t<div class=\"elementor-widget-container\">\n\t\t\t\t\t<div class=\"naujienos-container\">\r\n  <div class=\"naujienos-left\">\r\n    <h2 class=\"naujienos-headline\">Publications:<\/h2>\r\n    <img decoding=\"async\" class=\"naujienos-red-image\" src=\"https:\/\/elevator.lt\/wp-content\/uploads\/2025\/05\/Verslo-zinios.webp\" alt=\"Featured News\">\r\n  <\/div>\r\n\r\n  <div class=\"naujienos-middle\">\r\n    <div class=\"naujienos-news-item\">\r\n      <a href=\"https:\/\/www.vz.lt\/vadyba\/2025\/04\/28\/elevator-ikurejas-mliaukonis-kaip-sporte-taip-ir-versle-566129-566129\" target=\"_blank\" class=\"naujienos-news-item-link\"><img decoding=\"async\" src=\"https:\/\/elevator.lt\/wp-content\/uploads\/2023\/10\/Taikinys.jpg\" alt=\"News Item 1\">\r\n        <h5 class=\"naujienos-news-item-heading\">Elevator founder M. Liaukonis: as in sports, so in business - discipline is more important than motivation<\/h5>\r\n      <\/a>\r\n    <\/div>\r\n    <div class=\"naujienos-news-item\">\r\n            <a href=\"https:\/\/www.vz.lt\/vadyba\/2025\/03\/11\/elevator-ikurejas-m-liaukonis-augantis-vadovo-nerimas-signalas-kad-verslas-atsimuse-i-lubas-564757\" target=\"_blank\" class=\"naujienos-news-item-link\">\r\n      <img decoding=\"async\" src=\"https:\/\/elevator.lt\/wp-content\/uploads\/2025\/04\/verslo-laiptai-scaled.webp\" alt=\"News Item 2\">\r\n        <h5 class=\"naujienos-news-item-heading\">Elevator founder M. Liaukonis: the manager's growing anxiety is a signal that the business has hit the ceiling<\/h5>\r\n      <\/a>\r\n    <\/div>\r\n    <div class=\"naujienos-news-item\">\r\n            <a href=\"https:\/\/www.vz.lt\/vadyba\/2025\/02\/05\/strateginiu-transformaciju-biuro-elevator-ikurejas-m-liaukonis-uzuot-dirbe-sizifais-vadovai-gali-issikviesti-lifta-563244\" target=\"_blank\" class=\"naujienos-news-item-link\">\r\n      <img decoding=\"async\" src=\"https:\/\/elevator.lt\/wp-content\/uploads\/2023\/10\/Sizifas.jpg\" alt=\"News Item 2\">\r\n        <h5 class=\"naujienos-news-item-heading\">M. Liaukonis, founder of the strategic transformation office \"Elevator\", says: \"Instead of working like Sisyphus, managers can call an elevator\"<\/h5>\r\n      <\/a>\r\n    <\/div>\r\n  <\/div>\r\n\r\n<\/div>\r\n\t\t\t\t<\/div>\n\t\t\t\t<\/div>\n\t\t\t\t<\/div>\n\t\t\t\t<\/div>\n\t\t\t\t<\/div>","protected":false},"excerpt":{"rendered":"<p>Verslo problem\u0173 sprendimas Verslo problem\u0173 sprendimas &#8211; j\u016bs\u0173 s\u0117km\u0117s raktas.\u00a0Susiduriate su i\u0161\u0161\u016bkiais savo versle? Ne\u017einote, kaip efektyviai spr\u0119sti problemas ir pasiekti u\u017esibr\u0117\u017etus tikslus? Mes esame \u010dia, kad pad\u0117tume! Teikiame kompleksines verslo problem\u0173 sprendimo paslaugas, skirtas pad\u0117ti \u012fmon\u0117ms \u012fvairiose srityse: \u2022 Strategijos k\u016brimas: Pad\u0117sime apibr\u0117\u017eti j\u016bs\u0173 verslo vizij\u0105, misij\u0105 ir tikslus, sukursime efektyvi\u0105 strategij\u0105 jiems pasiekti.\u2022 [&hellip;]<\/p>","protected":false},"author":2,"featured_media":0,"parent":0,"menu_order":0,"comment_status":"closed","ping_status":"closed","template":"","meta":{"_monsterinsights_skip_tracking":false,"_monsterinsights_sitenote_active":false,"_monsterinsights_sitenote_note":"","_monsterinsights_sitenote_category":0,"site-sidebar-layout":"no-sidebar","site-content-layout":"","ast-site-content-layout":"full-width-container","site-content-style":"default","site-sidebar-style":"default","ast-global-header-display":"","ast-banner-title-visibility":"","ast-main-header-display":"","ast-hfb-above-header-display":"","ast-hfb-below-header-display":"","ast-hfb-mobile-header-display":"","site-post-title":"disabled","ast-breadcrumbs-content":"","ast-featured-img":"disabled","footer-sml-layout":"","theme-transparent-header-meta":"","adv-header-id-meta":"","stick-header-meta":"","header-above-stick-meta":"","header-main-stick-meta":"","header-below-stick-meta":"","astra-migrate-meta-layouts":"default","ast-page-background-enabled":"default","ast-page-background-meta":{"desktop":{"background-color":"var(--ast-global-color-4)","background-image":"","background-repeat":"repeat","background-position":"center center","background-size":"auto","background-attachment":"scroll","background-type":"","background-media":"","overlay-type":"","overlay-color":"","overlay-opacity":"","overlay-gradient":""},"tablet":{"background-color":"","background-image":"","background-repeat":"repeat","background-position":"center center","background-size":"auto","background-attachment":"scroll","background-type":"","background-media":"","overlay-type":"","overlay-color":"","overlay-opacity":"","overlay-gradient":""},"mobile":{"background-color":"","background-image":"","background-repeat":"repeat","background-position":"center center","background-size":"auto","background-attachment":"scroll","background-type":"","background-media":"","overlay-type":"","overlay-color":"","overlay-opacity":"","overlay-gradient":""}},"ast-content-background-meta":{"desktop":{"background-color":"var(--ast-global-color-5)","background-image":"","background-repeat":"repeat","background-position":"center center","background-size":"auto","background-attachment":"scroll","background-type":"","background-media":"","overlay-type":"","overlay-color":"","overlay-opacity":"","overlay-gradient":""},"tablet":{"background-color":"var(--ast-global-color-5)","background-image":"","background-repeat":"repeat","background-position":"center center","background-size":"auto","background-attachment":"scroll","background-type":"","background-media":"","overlay-type":"","overlay-color":"","overlay-opacity":"","overlay-gradient":""},"mobile":{"background-color":"var(--ast-global-color-5)","background-image":"","background-repeat":"repeat","background-position":"center center","background-size":"auto","background-attachment":"scroll","background-type":"","background-media":"","overlay-type":"","overlay-color":"","overlay-opacity":"","overlay-gradient":""}},"footnotes":""},"class_list":["post-5946","page","type-page","status-publish","hentry"],"yoast_head":"<!-- This site is optimized with the Yoast SEO plugin v23.4 - https:\/\/yoast.com\/wordpress\/plugins\/seo\/ -->\n<title>Verslo problem\u0173 sprendimas - j\u016bs\u0173 sekm\u0117s raktas! 2026<\/title>\n<meta name=\"description\" content=\"Susiduriate su verslo problemomis? Verslo problem\u0173 sprendimas - m\u016bs\u0173 specialist\u0173 komanda pad\u0117s i\u0161spr\u0119sti, pasiekti u\u017esibr\u0117\u017etus tikslus.\" \/>\n<meta name=\"robots\" content=\"index, follow, max-snippet:-1, max-image-preview:large, max-video-preview:-1\" \/>\n<link rel=\"canonical\" href=\"https:\/\/elevator.lt\/en\/verslo-problemu-sprendimas\/\" \/>\n<meta property=\"og:locale\" content=\"en_GB\" \/>\n<meta property=\"og:type\" content=\"article\" \/>\n<meta property=\"og:title\" content=\"Verslo problem\u0173 sprendimas - j\u016bs\u0173 sekm\u0117s raktas! 2026\" \/>\n<meta property=\"og:description\" content=\"Susiduriate su verslo problemomis? Verslo problem\u0173 sprendimas - m\u016bs\u0173 specialist\u0173 komanda pad\u0117s i\u0161spr\u0119sti, pasiekti u\u017esibr\u0117\u017etus tikslus.\" \/>\n<meta property=\"og:url\" content=\"https:\/\/elevator.lt\/en\/verslo-problemu-sprendimas\/\" \/>\n<meta property=\"og:site_name\" content=\"ELEVATOR\" \/>\n<meta property=\"article:modified_time\" content=\"2025-05-12T06:21:57+00:00\" \/>\n<meta property=\"og:image\" content=\"https:\/\/elevator.lt\/wp-content\/uploads\/elementor\/thumbs\/Kalnai-qu04soxlyku9tavwqkw2bnsn5fe13hn2wqs6nk92yo.jpg\" \/>\n<script type=\"application\/ld+json\" class=\"yoast-schema-graph\">{\"@context\":\"https:\/\/schema.org\",\"@graph\":[{\"@type\":\"WebPage\",\"@id\":\"https:\/\/elevator.lt\/verslo-problemu-sprendimas\/\",\"url\":\"https:\/\/elevator.lt\/verslo-problemu-sprendimas\/\",\"name\":\"Verslo problem\u0173 sprendimas - j\u016bs\u0173 sekm\u0117s raktas! 2026\",\"isPartOf\":{\"@id\":\"https:\/\/elevator.lt\/#website\"},\"primaryImageOfPage\":{\"@id\":\"https:\/\/elevator.lt\/verslo-problemu-sprendimas\/#primaryimage\"},\"image\":{\"@id\":\"https:\/\/elevator.lt\/verslo-problemu-sprendimas\/#primaryimage\"},\"thumbnailUrl\":\"https:\/\/elevator.lt\/wp-content\/uploads\/elementor\/thumbs\/Kalnai-qu04soxlyku9tavwqkw2bnsn5fe13hn2wqs6nk92yo.jpg\",\"datePublished\":\"2024-02-09T08:35:14+00:00\",\"dateModified\":\"2025-05-12T06:21:57+00:00\",\"description\":\"Susiduriate su verslo problemomis? Verslo problem\u0173 sprendimas - m\u016bs\u0173 specialist\u0173 komanda pad\u0117s i\u0161spr\u0119sti, pasiekti u\u017esibr\u0117\u017etus tikslus.\",\"breadcrumb\":{\"@id\":\"https:\/\/elevator.lt\/verslo-problemu-sprendimas\/#breadcrumb\"},\"inLanguage\":\"en-GB\",\"potentialAction\":[{\"@type\":\"ReadAction\",\"target\":[\"https:\/\/elevator.lt\/verslo-problemu-sprendimas\/\"]}]},{\"@type\":\"ImageObject\",\"inLanguage\":\"en-GB\",\"@id\":\"https:\/\/elevator.lt\/verslo-problemu-sprendimas\/#primaryimage\",\"url\":\"https:\/\/elevator.lt\/wp-content\/uploads\/elementor\/thumbs\/Kalnai-qu04soxlyku9tavwqkw2bnsn5fe13hn2wqs6nk92yo.jpg\",\"contentUrl\":\"https:\/\/elevator.lt\/wp-content\/uploads\/elementor\/thumbs\/Kalnai-qu04soxlyku9tavwqkw2bnsn5fe13hn2wqs6nk92yo.jpg\"},{\"@type\":\"BreadcrumbList\",\"@id\":\"https:\/\/elevator.lt\/verslo-problemu-sprendimas\/#breadcrumb\",\"itemListElement\":[{\"@type\":\"ListItem\",\"position\":1,\"name\":\"Home\",\"item\":\"https:\/\/elevator.lt\/\"},{\"@type\":\"ListItem\",\"position\":2,\"name\":\"Verslo problem\u0173 sprendimas\"}]},{\"@type\":\"WebSite\",\"@id\":\"https:\/\/elevator.lt\/#website\",\"url\":\"https:\/\/elevator.lt\/\",\"name\":\"ELEVATOR\",\"description\":\"Strategini\u0173 transformacij\u0173 biuras\",\"publisher\":{\"@id\":\"https:\/\/elevator.lt\/#organization\"},\"potentialAction\":[{\"@type\":\"SearchAction\",\"target\":{\"@type\":\"EntryPoint\",\"urlTemplate\":\"https:\/\/elevator.lt\/?s={search_term_string}\"},\"query-input\":{\"@type\":\"PropertyValueSpecification\",\"valueRequired\":true,\"valueName\":\"search_term_string\"}}],\"inLanguage\":\"en-GB\"},{\"@type\":\"Organization\",\"@id\":\"https:\/\/elevator.lt\/#organization\",\"name\":\"ELEVATOR\",\"url\":\"https:\/\/elevator.lt\/\",\"logo\":{\"@type\":\"ImageObject\",\"inLanguage\":\"en-GB\",\"@id\":\"https:\/\/elevator.lt\/#\/schema\/logo\/image\/\",\"url\":\"http:\/\/elevator.lt\/wp-content\/uploads\/2023\/10\/Elevator-Logo-PNG-be-fono-01.png\",\"contentUrl\":\"http:\/\/elevator.lt\/wp-content\/uploads\/2023\/10\/Elevator-Logo-PNG-be-fono-01.png\",\"width\":3813,\"height\":1148,\"caption\":\"ELEVATOR\"},\"image\":{\"@id\":\"https:\/\/elevator.lt\/#\/schema\/logo\/image\/\"}}]}<\/script>\n<!-- \/ Yoast SEO plugin. -->","yoast_head_json":{"title":"Verslo problem\u0173 sprendimas - j\u016bs\u0173 sekm\u0117s raktas! 2026","description":"Susiduriate su verslo problemomis? Verslo problem\u0173 sprendimas - m\u016bs\u0173 specialist\u0173 komanda pad\u0117s i\u0161spr\u0119sti, pasiekti u\u017esibr\u0117\u017etus tikslus.","robots":{"index":"index","follow":"follow","max-snippet":"max-snippet:-1","max-image-preview":"max-image-preview:large","max-video-preview":"max-video-preview:-1"},"canonical":"https:\/\/elevator.lt\/en\/verslo-problemu-sprendimas\/","og_locale":"en_GB","og_type":"article","og_title":"Verslo problem\u0173 sprendimas - j\u016bs\u0173 sekm\u0117s raktas! 2026","og_description":"Susiduriate su verslo problemomis? Verslo problem\u0173 sprendimas - m\u016bs\u0173 specialist\u0173 komanda pad\u0117s i\u0161spr\u0119sti, pasiekti u\u017esibr\u0117\u017etus tikslus.","og_url":"https:\/\/elevator.lt\/en\/verslo-problemu-sprendimas\/","og_site_name":"ELEVATOR","article_modified_time":"2025-05-12T06:21:57+00:00","og_image":[{"url":"https:\/\/elevator.lt\/wp-content\/uploads\/elementor\/thumbs\/Kalnai-qu04soxlyku9tavwqkw2bnsn5fe13hn2wqs6nk92yo.jpg"}],"schema":{"@context":"https:\/\/schema.org","@graph":[{"@type":"WebPage","@id":"https:\/\/elevator.lt\/verslo-problemu-sprendimas\/","url":"https:\/\/elevator.lt\/verslo-problemu-sprendimas\/","name":"Verslo problem\u0173 sprendimas - j\u016bs\u0173 sekm\u0117s raktas! 2026","isPartOf":{"@id":"https:\/\/elevator.lt\/#website"},"primaryImageOfPage":{"@id":"https:\/\/elevator.lt\/verslo-problemu-sprendimas\/#primaryimage"},"image":{"@id":"https:\/\/elevator.lt\/verslo-problemu-sprendimas\/#primaryimage"},"thumbnailUrl":"https:\/\/elevator.lt\/wp-content\/uploads\/elementor\/thumbs\/Kalnai-qu04soxlyku9tavwqkw2bnsn5fe13hn2wqs6nk92yo.jpg","datePublished":"2024-02-09T08:35:14+00:00","dateModified":"2025-05-12T06:21:57+00:00","description":"Susiduriate su verslo problemomis? Verslo problem\u0173 sprendimas - m\u016bs\u0173 specialist\u0173 komanda pad\u0117s i\u0161spr\u0119sti, pasiekti u\u017esibr\u0117\u017etus tikslus.","breadcrumb":{"@id":"https:\/\/elevator.lt\/verslo-problemu-sprendimas\/#breadcrumb"},"inLanguage":"en-GB","potentialAction":[{"@type":"ReadAction","target":["https:\/\/elevator.lt\/verslo-problemu-sprendimas\/"]}]},{"@type":"ImageObject","inLanguage":"en-GB","@id":"https:\/\/elevator.lt\/verslo-problemu-sprendimas\/#primaryimage","url":"https:\/\/elevator.lt\/wp-content\/uploads\/elementor\/thumbs\/Kalnai-qu04soxlyku9tavwqkw2bnsn5fe13hn2wqs6nk92yo.jpg","contentUrl":"https:\/\/elevator.lt\/wp-content\/uploads\/elementor\/thumbs\/Kalnai-qu04soxlyku9tavwqkw2bnsn5fe13hn2wqs6nk92yo.jpg"},{"@type":"BreadcrumbList","@id":"https:\/\/elevator.lt\/verslo-problemu-sprendimas\/#breadcrumb","itemListElement":[{"@type":"ListItem","position":1,"name":"Home","item":"https:\/\/elevator.lt\/"},{"@type":"ListItem","position":2,"name":"Verslo problem\u0173 sprendimas"}]},{"@type":"WebSite","@id":"https:\/\/elevator.lt\/#website","url":"https:\/\/elevator.lt\/","name":"ELEVATOR","description":"Strategini\u0173 transformacij\u0173 biuras","publisher":{"@id":"https:\/\/elevator.lt\/#organization"},"potentialAction":[{"@type":"SearchAction","target":{"@type":"EntryPoint","urlTemplate":"https:\/\/elevator.lt\/?s={search_term_string}"},"query-input":{"@type":"PropertyValueSpecification","valueRequired":true,"valueName":"search_term_string"}}],"inLanguage":"en-GB"},{"@type":"Organization","@id":"https:\/\/elevator.lt\/#organization","name":"ELEVATOR","url":"https:\/\/elevator.lt\/","logo":{"@type":"ImageObject","inLanguage":"en-GB","@id":"https:\/\/elevator.lt\/#\/schema\/logo\/image\/","url":"http:\/\/elevator.lt\/wp-content\/uploads\/2023\/10\/Elevator-Logo-PNG-be-fono-01.png","contentUrl":"http:\/\/elevator.lt\/wp-content\/uploads\/2023\/10\/Elevator-Logo-PNG-be-fono-01.png","width":3813,"height":1148,"caption":"ELEVATOR"},"image":{"@id":"https:\/\/elevator.lt\/#\/schema\/logo\/image\/"}}]}},"_links":{"self":[{"href":"https:\/\/elevator.lt\/en\/wp-json\/wp\/v2\/pages\/5946"}],"collection":[{"href":"https:\/\/elevator.lt\/en\/wp-json\/wp\/v2\/pages"}],"about":[{"href":"https:\/\/elevator.lt\/en\/wp-json\/wp\/v2\/types\/page"}],"author":[{"embeddable":true,"href":"https:\/\/elevator.lt\/en\/wp-json\/wp\/v2\/users\/2"}],"replies":[{"embeddable":true,"href":"https:\/\/elevator.lt\/en\/wp-json\/wp\/v2\/comments?post=5946"}],"version-history":[{"count":72,"href":"https:\/\/elevator.lt\/en\/wp-json\/wp\/v2\/pages\/5946\/revisions"}],"predecessor-version":[{"id":7617,"href":"https:\/\/elevator.lt\/en\/wp-json\/wp\/v2\/pages\/5946\/revisions\/7617"}],"wp:attachment":[{"href":"https:\/\/elevator.lt\/en\/wp-json\/wp\/v2\/media?parent=5946"}],"curies":[{"name":"wp","href":"https:\/\/api.w.org\/{rel}","templated":true}]}}