{"id":7216,"date":"2025-05-06T10:40:06","date_gmt":"2025-05-06T10:40:06","guid":{"rendered":"https:\/\/elevator.lt\/?page_id=7216"},"modified":"2025-05-12T06:23:04","modified_gmt":"2025-05-12T06:23:04","slug":"duk","status":"publish","type":"page","link":"https:\/\/elevator.lt\/en\/duk\/","title":{"rendered":"FAQ"},"content":{"rendered":"<div data-elementor-type=\"wp-post\" data-elementor-id=\"7216\" class=\"elementor elementor-7216\" data-elementor-post-type=\"page\">\n\t\t\t\t\t\t<section class=\"elementor-section elementor-top-section elementor-element elementor-element-3cb699b elementor-section-content-middle elementor-section-boxed elementor-section-height-default elementor-section-height-default\" data-id=\"3cb699b\" data-element_type=\"section\" data-settings=\"{&quot;background_background&quot;:&quot;classic&quot;}\">\n\t\t\t\t\t\t\t<div class=\"elementor-background-overlay\"><\/div>\n\t\t\t\t\t\t\t<div class=\"elementor-container elementor-column-gap-default\">\n\t\t\t\t\t<div class=\"elementor-column elementor-col-50 elementor-top-column elementor-element elementor-element-92012bf\" data-id=\"92012bf\" data-element_type=\"column\" data-settings=\"{&quot;background_background&quot;:&quot;classic&quot;}\">\n\t\t\t<div class=\"elementor-widget-wrap elementor-element-populated\">\n\t\t\t\t\t\t<div class=\"elementor-element elementor-element-11db197 elementor-widget elementor-widget-heading\" data-id=\"11db197\" data-element_type=\"widget\" data-widget_type=\"heading.default\">\n\t\t\t\t<div class=\"elementor-widget-container\">\n\t\t\t\t\t<h2 class=\"elementor-heading-title elementor-size-default\">Frequently asked questions<\/h2>\t\t\t\t<\/div>\n\t\t\t\t<\/div>\n\t\t\t\t<div class=\"elementor-element elementor-element-9627e42 elementor-hidden-mobile elementor-widget elementor-widget-image\" data-id=\"9627e42\" data-element_type=\"widget\" data-widget_type=\"image.default\">\n\t\t\t\t<div class=\"elementor-widget-container\">\n\t\t\t\t\t\t\t\t\t\t\t\t\t\t\t\t<a href=\"#paslaugos\">\n\t\t\t\t\t\t\t<img fetchpriority=\"high\" decoding=\"async\" width=\"926\" height=\"1024\" src=\"https:\/\/elevator.lt\/wp-content\/uploads\/2023\/10\/tamsus-mygtukas-be-fono-926x1024.png\" class=\"elementor-animation-bob attachment-large size-large wp-image-3168\" alt=\"Elevator mygtuko simbolis\" srcset=\"https:\/\/elevator.lt\/wp-content\/uploads\/2023\/10\/tamsus-mygtukas-be-fono-926x1024.png 926w, https:\/\/elevator.lt\/wp-content\/uploads\/2023\/10\/tamsus-mygtukas-be-fono-271x300.png 271w, https:\/\/elevator.lt\/wp-content\/uploads\/2023\/10\/tamsus-mygtukas-be-fono-768x850.png 768w, https:\/\/elevator.lt\/wp-content\/uploads\/2023\/10\/tamsus-mygtukas-be-fono.png 1035w\" sizes=\"(max-width: 926px) 100vw, 926px\" \/>\t\t\t\t\t\t\t\t<\/a>\n\t\t\t\t\t\t\t\t\t\t\t\t\t\t\t<\/div>\n\t\t\t\t<\/div>\n\t\t\t\t\t<\/div>\n\t\t<\/div>\n\t\t\t\t<div class=\"elementor-column elementor-col-50 elementor-top-column elementor-element elementor-element-d8594ab\" data-id=\"d8594ab\" data-element_type=\"column\">\n\t\t\t<div class=\"elementor-widget-wrap elementor-element-populated\">\n\t\t\t\t\t\t<div class=\"elementor-element elementor-element-4d07190 elementor-widget elementor-widget-html\" data-id=\"4d07190\" data-element_type=\"widget\" data-widget_type=\"html.default\">\n\t\t\t\t<div class=\"elementor-widget-container\">\n\t\t\t\t\t<script>\r\njQuery(document).ready(function($) {\r\n  $('.info-row').on('click', function (e) {\r\n    e.stopPropagation();\r\n    var $row = $(this);\r\n    var $icon = $row.find('.info-icon');\r\n    var $content = $row.next('.info-content');\r\n\r\n    $content.slideToggle(200);\r\n\r\n\r\n    const isOpen = $icon.hasClass('opened');\r\n    $icon.html(isOpen ? `\r\n      <svg width=\"40\" height=\"40\" viewBox=\"0 0 40 40\" fill=\"none\" xmlns=\"http:\/\/www.w3.org\/2000\/svg\">\r\n<circle cx=\"20\" cy=\"20\" r=\"20\" transform=\"rotate(-90 20 20)\" fill=\"white\"\/>\r\n<line x1=\"20.6304\" y1=\"9.56522\" x2=\"20.6304\" y2=\"31.3043\" stroke=\"#2C2337\" stroke-width=\"3\"\/>\r\n<line x1=\"9.56519\" y1=\"20.2391\" x2=\"31.3043\" y2=\"20.2391\" stroke=\"#2C2337\" stroke-width=\"3\"\/>\r\n<\/svg>\r\n` : `\r\n      <svg width=\"40\" height=\"40\" viewBox=\"0 0 40 40\" fill=\"none\" xmlns=\"http:\/\/www.w3.org\/2000\/svg\">\r\n<circle cx=\"20\" cy=\"20\" r=\"20\" transform=\"rotate(-90 20 20)\" fill=\"white\"\/>\r\n<line x1=\"9.56519\" y1=\"20.2391\" x2=\"31.3043\" y2=\"20.2391\" stroke=\"#2C2337\" stroke-width=\"3\"\/>\r\n<\/svg>\r\n`);\r\n    $icon.toggleClass('opened');\r\n  });\r\n\r\n\r\n  $('.info-icon').each(function () {\r\n    $(this).html(`\r\n      <svg width=\"40\" height=\"40\" viewBox=\"0 0 40 40\" fill=\"none\" xmlns=\"http:\/\/www.w3.org\/2000\/svg\">\r\n<circle cx=\"20\" cy=\"20\" r=\"20\" transform=\"rotate(-90 20 20)\" fill=\"white\"\/>\r\n<line x1=\"20.6304\" y1=\"9.56522\" x2=\"20.6304\" y2=\"31.3043\" stroke=\"#2C2337\" stroke-width=\"3\"\/>\r\n<line x1=\"9.56519\" y1=\"20.2391\" x2=\"31.3043\" y2=\"20.2391\" stroke=\"#2C2337\" stroke-width=\"3\"\/>\r\n<\/svg>`);\r\n  });\r\n});\r\n<\/script>\r\n\r\n<div class=\"info-toggle-section\">\r\n  <!-- ROW 1 -->\r\n  <div class=\"info-row\">\r\n\r\n    <div class=\"info-text\">\r\n      <h5>WHAT IS AN ELEVATOR?<\/h5>\r\n    <\/div>\r\n    <div class=\"info-icon\"><\/div>\r\n  <\/div>\r\n  <div class=\"info-content\">\r\n    <p>Elevator is a strategic transformation office for business owners and managers who are tired of banging their heads against the ceiling and want their business to go up. The elevator metaphor describes our working method: making the right decisions at the right time leads to much faster changes and desired business growth rates.<\/p>\r\n  <\/div>\r\n  <div class=\"divider\"><\/div>\r\n\r\n  <!-- ROW 2 -->\r\n  <div class=\"info-row\">\r\n\r\n    <div class=\"info-text\">\r\n      <h5>HOW IS ELEVATOR DIFFERENT FROM BUSINESS CONSULTANTS?<\/h5>\r\n    <\/div>\r\n    <div class=\"info-icon\"><\/div>\r\n  <\/div>\r\n  <div class=\"info-content\">\r\n    <p>Business consultants consult. Elevator\u2013does and gets things done. We implement strategic transformations only in those companies in which we believe and see clear opportunities and measures to increase competitiveness, productivity, and profitability. Elevator\u2013is perhaps the only office in Lithuania that 100% links billing to the client\u2019s achieved KPIs.<\/p>\r\n  <\/div>\r\n  <div class=\"divider\"><\/div>\r\n\r\n  <!-- ROW 3 -->\r\n  <div class=\"info-row\">\r\n\r\n    <div class=\"info-text\">\r\n      <h5>HOW DO I KNOW THAT I WILL NOT DESTROY WHAT HAS BEEN CREATED IN MY PURSUIT OF CHANGE?<\/h5>\r\n    <\/div>\r\n    <div class=\"info-icon\"><\/div>\r\n  <\/div>\r\n  <div class=\"info-content\">\r\n    <p>Chaos is not the goal of Elevator. The founder of the office, Doctor of Mathematics M. Liaukonis, has accumulated extensive experience in leading one of the strategic Lithuanian manufacturing and trading groups, and over the past 24 years has contributed to the transformations of well-known and successful Lithuanian business flagships. This experience ensures that every action in the company is carried out thoughtfully, avoiding uncontrolled conflict and unnecessary risks.<\/p>\r\n  <\/div>\r\n  <div class=\"divider\"><\/div>\r\n  \r\n  <!-- ROW 4 -->\r\n  <div class=\"info-row\">\r\n\r\n    <div class=\"info-text\">\r\n      <h5>I'M NOT SURE ABOUT LONG-TERM WORK WITH ELEVATOR, BUT I'M CONCERNED ABOUT THE PROSPECTS OF MY BUSINESS. CAN YOU HELP ME UNDERSTAND YOUR COMPANY'S SITUATION BETTER?<\/h5>\r\n    <\/div>\r\n    <div class=\"info-icon\"><\/div>\r\n  <\/div>\r\n  <div class=\"info-content\">\r\n    <p>Yes. The decision to work with ELEVATOR is a responsible decision, so we not only ask our clients to think it over carefully, but we also carefully consider the situation ourselves before offering cooperation. You can feel whether you need our external help after completing our LIFTO test. Another wise and non-binding decision for long-term work is to order an ELEVATOR business process audit. This is a relatively inexpensive and non-binding way to get to know the current business situation, limitations and the package of opportunities for necessary changes.<\/p>\r\n  <\/div>\r\n  <div class=\"divider\"><\/div>\r\n  \r\n  <!-- ROW 5 -->\r\n  <div class=\"info-row\">\r\n\r\n    <div class=\"info-text\">\r\n      <h5>HOW MUCH DO ELEVATOR SERVICES COST?<\/h5>\r\n    <\/div>\r\n    <div class=\"info-icon\"><\/div>\r\n  <\/div>\r\n  <div class=\"info-content\">\r\n    <p>0 EUR if the pre-defined results are not achieved. At the beginning of each new partnership, ELEVATOR will operationalize the desired business goals with you into clearly measurable KPIs, which will be achieved within a defined 6-12 month period. It is with these KPIs that the billing for the ELEVATOR service will be 100 percent linked.<\/p>\r\n  <\/div>\r\n  <div class=\"divider\"><\/div>\r\n  \r\n  <!-- ROW 6 -->\r\n  <div class=\"info-row\">\r\n\r\n    <div class=\"info-text\">\r\n      <h5>HOW DOES ELEVATOR SELECT ITS CUSTOMERS?<\/h5>\r\n    <\/div>\r\n    <div class=\"info-icon\"><\/div>\r\n  <\/div>\r\n  <div class=\"info-content\">\r\n    <p>Just as clients choose us, we have several conditions when choosing clients. First of all, our fundamental values \u200b\u200band those of the business manager must coincide. In addition, open, trust-based communication is also important. It is necessary that the client does not accept our insights as personal criticism, which must be fought back and thus defended. After all, the common goal is not to prove who is right and who is wrong, but to find solutions acceptable to both parties - including cases when they require the manager to change their thinking or some of their habits. In other words, human connection is the foundation of everything, and then you can move on to business mathematics.<\/p>\r\n  <\/div>\r\n  <div class=\"divider\"><\/div>\r\n<\/div>\r\n\t\t\t\t<\/div>\n\t\t\t\t<\/div>\n\t\t\t\t\t<\/div>\n\t\t<\/div>\n\t\t\t\t\t<\/div>\n\t\t<\/section>\n\t\t<div class=\"elementor-element elementor-element-8663af8 e-flex e-con-boxed e-con e-parent\" data-id=\"8663af8\" data-element_type=\"container\" id=\"paslaugos\" data-settings=\"{&quot;background_background&quot;:&quot;classic&quot;}\">\n\t\t\t\t\t<div class=\"e-con-inner\">\n\t\t\t\t<div class=\"elementor-element elementor-element-e04b774 elementor-widget elementor-widget-heading\" data-id=\"e04b774\" data-element_type=\"widget\" data-widget_type=\"heading.default\">\n\t\t\t\t<div class=\"elementor-widget-container\">\n\t\t\t\t\t<h3 class=\"elementor-heading-title elementor-size-default\">Services<\/h3>\t\t\t\t<\/div>\n\t\t\t\t<\/div>\n\t\t\t\t\t<\/div>\n\t\t\t\t<\/div>\n\t\t<div class=\"elementor-element elementor-element-319b208 e-flex e-con-boxed e-con e-parent\" data-id=\"319b208\" data-element_type=\"container\" data-settings=\"{&quot;background_background&quot;:&quot;classic&quot;}\">\n\t\t\t\t\t<div class=\"e-con-inner\">\n\t\t\t\t<div class=\"elementor-element elementor-element-966ba8a elementor-widget elementor-widget-html\" data-id=\"966ba8a\" data-element_type=\"widget\" data-widget_type=\"html.default\">\n\t\t\t\t<div class=\"elementor-widget-container\">\n\t\t\t\t\t<script>\r\njQuery(document).ready(function($) {\r\n  $('.toggle-icon').on('click', function(e) {\r\n    e.stopPropagation(); \/\/ Prevent bubbling\r\n    var $icon = $(this);\r\n    var $content = $icon.closest('.toggle-box').find('.toggle-content');\r\n\r\n    $content.slideToggle(200);\r\n    $icon.text($icon.text() === '+' ? '\u2212' : '+');\r\n  });\r\n});\r\n<\/script>\r\n\r\n\r\n<div class=\"custom-toggle-boxes\">\r\n  <div class=\"toggle-box\">\r\n    <h5>Business problem solving <span class=\"toggle-icon\">+<\/span>\r\n<\/h5>\r\n    <div class=\"toggle-content\">\r\n      <ol><li>Assist in solving crisis situations (growth crisis, market loss crisis, process loss crisis, personnel crisis, production crisis, etc.);<\/li>\r\n<li>Analytics, search for strategic solutions;<\/li>\r\n<li>Help in finding business problem situations and solutions;<\/li>\r\n<li>Assistance in implementing changes (from shaping the changes to being led by the hand through the path of change);<\/li>\r\n<li>We agree on the target result and time. Success fee for the achieved result within the agreed timeframe.<\/li>\r\n<\/ol>\r\n<a href=\"https:\/\/elevator.lt\/en\/verslo-problemu-sprendimas\/\">More<\/a>\r\n    <\/div>\r\n  <\/div>\r\n  <div class=\"toggle-box\">\r\n    <h5>Consulting shareholders and managers <span class=\"toggle-icon\">+<\/span><\/h5>\r\n    <div class=\"toggle-content\">\r\n     <ol><li>Strategic business management issues;<\/li>\r\n<li>Financial optimization issues;<\/li>\r\n<li>Personnel management issues;<\/li>\r\n<li>In cases of product or service innovation.<\/li><\/ol>\r\n    <\/div>\r\n  <\/div>\r\n  <div class=\"toggle-box\">\r\n    <h5>Business and company audit <span class=\"toggle-icon\">+<\/span><\/h5>\r\n    <div class=\"toggle-content\">\r\n      <ol><li>Market size, competition and organizational opportunities;<\/li>\r\n<li>Goals, strategy, selection of indicators and transformation into tasks;<\/li>\r\n<li>Distribution of responsibilities in the team and process management;<\/li>\r\n<li>Operational planning;<\/li>\r\n<li>Performance supervision and accountability.<\/li><\/ol>\r\n    <\/div>\r\n  <\/div>\r\n  <div class=\"toggle-box\">\r\n    <h5>Reorganization <span class=\"toggle-icon\">+<\/span><\/h5>\r\n    <div class=\"toggle-content\">\r\n      <ol><li>Organizational structures;<\/li>\r\n<li>Teams;<\/li>\r\n<li>Processes;<\/li>\r\n<li>New products or services;<\/li>\r\n<li>Core and side business reorganization into separate legal units.<\/li><\/ol>\r\n    <\/div>\r\n  <\/div>\r\n  <div class=\"toggle-box\">\r\n    <h5>Production management <span class=\"toggle-icon\">+<\/span><\/h5>\r\n    <div class=\"toggle-content\">\r\n<ol><li>Analysis of production processes;<\/li>\r\n<li>Increasing production efficiency, flow and throughput;<\/li>\r\n<li>Implementation of tools and principles:<\/li><ul>\r\n<li>Theory of Constraints (TOC) \u2013 finding a constraint and connecting the system to exploit the constraint, extending the constraint, and further cycles of finding another constraint;<\/li>\r\n<li>Lean manufacturing (LEAN) \u2013 elimination of non-value-creating activities.<\/li><\/ul><\/ol>\r\n    <\/div>\r\n  <\/div>\r\n  <div class=\"toggle-box\">\r\n    <h5>Business processes <span class=\"toggle-icon\">+<\/span><\/h5>\r\n    <div class=\"toggle-content\">\r\n      <ol><li>Efficient modern management functions implementation;<\/li>\r\n<li>Business process structuring, distribution of responsibilities, refinement of functions;<\/li>\r\n<li>Refinement and enabling of performance and progress indicators;<\/li>\r\n<li>Risk identification and proposal of tools and solutions to manage them;<\/li>\r\n<li>Effective solutions implementation.<\/li><\/ol>\r\n    <\/div>\r\n  <\/div>\r\n<\/div>\r\n\t\t\t\t<\/div>\n\t\t\t\t<\/div>\n\t\t\t\t\t<\/div>\n\t\t\t\t<\/div>\n\t\t\t\t<\/div>","protected":false},"excerpt":{"rendered":"<p>Da\u017eniausiai u\u017eduodami klausimai KAS YRA ELEVATOR? Elevator\u2013tai strategini\u0173 transformacij\u0173 biuras versl\u0173 savininkams ir vadovams, kuriems pabodo dau\u017eyti galv\u0105 \u012f lubas ir kurie nori, kad j\u0173 verslas kilt\u0173 auk\u0161tyn. Lifto metafora byloja m\u016bs\u0173 darbo metod\u0105: laiku priimti teisingi sprendimai veda \u012f kur kas greitesnius poky\u010dius ir norimus verslo augimo rodiklius. KUO ELEVATOR SKIRIASI NUO VERSLO KONSULTANT\u0172? [&hellip;]<\/p>","protected":false},"author":2,"featured_media":0,"parent":0,"menu_order":0,"comment_status":"closed","ping_status":"closed","template":"","meta":{"_monsterinsights_skip_tracking":false,"_monsterinsights_sitenote_active":false,"_monsterinsights_sitenote_note":"","_monsterinsights_sitenote_category":0,"site-sidebar-layout":"no-sidebar","site-content-layout":"","ast-site-content-layout":"full-width-container","site-content-style":"default","site-sidebar-style":"default","ast-global-header-display":"","ast-banner-title-visibility":"","ast-main-header-display":"","ast-hfb-above-header-display":"","ast-hfb-below-header-display":"","ast-hfb-mobile-header-display":"","site-post-title":"disabled","ast-breadcrumbs-content":"","ast-featured-img":"disabled","footer-sml-layout":"","theme-transparent-header-meta":"","adv-header-id-meta":"","stick-header-meta":"","header-above-stick-meta":"","header-main-stick-meta":"","header-below-stick-meta":"","astra-migrate-meta-layouts":"default","ast-page-background-enabled":"default","ast-page-background-meta":{"desktop":{"background-color":"var(--ast-global-color-4)","background-image":"","background-repeat":"repeat","background-position":"center center","background-size":"auto","background-attachment":"scroll","background-type":"","background-media":"","overlay-type":"","overlay-color":"","overlay-opacity":"","overlay-gradient":""},"tablet":{"background-color":"","background-image":"","background-repeat":"repeat","background-position":"center center","background-size":"auto","background-attachment":"scroll","background-type":"","background-media":"","overlay-type":"","overlay-color":"","overlay-opacity":"","overlay-gradient":""},"mobile":{"background-color":"","background-image":"","background-repeat":"repeat","background-position":"center center","background-size":"auto","background-attachment":"scroll","background-type":"","background-media":"","overlay-type":"","overlay-color":"","overlay-opacity":"","overlay-gradient":""}},"ast-content-background-meta":{"desktop":{"background-color":"var(--ast-global-color-5)","background-image":"","background-repeat":"repeat","background-position":"center center","background-size":"auto","background-attachment":"scroll","background-type":"","background-media":"","overlay-type":"","overlay-color":"","overlay-opacity":"","overlay-gradient":""},"tablet":{"background-color":"var(--ast-global-color-5)","background-image":"","background-repeat":"repeat","background-position":"center center","background-size":"auto","background-attachment":"scroll","background-type":"","background-media":"","overlay-type":"","overlay-color":"","overlay-opacity":"","overlay-gradient":""},"mobile":{"background-color":"var(--ast-global-color-5)","background-image":"","background-repeat":"repeat","background-position":"center center","background-size":"auto","background-attachment":"scroll","background-type":"","background-media":"","overlay-type":"","overlay-color":"","overlay-opacity":"","overlay-gradient":""}},"footnotes":""},"class_list":["post-7216","page","type-page","status-publish","hentry"],"yoast_head":"<!-- This site is optimized with the Yoast SEO plugin v23.4 - https:\/\/yoast.com\/wordpress\/plugins\/seo\/ -->\n<title>Strategini\u0173 Transformacij\u0173 Biuras | ELEVATOR<\/title>\n<meta name=\"description\" content=\"ELEVATOR \u2013 strategini\u0173 transformacij\u0173 biuras, skirtas verslams, nebijantiems pasitikti ateities. Ma\u017eiau emocij\u0173, daugiau pagarbos skai\u010diams.\" \/>\n<meta name=\"robots\" content=\"index, follow, max-snippet:-1, max-image-preview:large, max-video-preview:-1\" \/>\n<link rel=\"canonical\" href=\"https:\/\/elevator.lt\/en\/duk\/\" \/>\n<meta property=\"og:locale\" content=\"en_GB\" \/>\n<meta property=\"og:type\" content=\"article\" \/>\n<meta property=\"og:title\" content=\"Strategini\u0173 Transformacij\u0173 Biuras | ELEVATOR\" \/>\n<meta property=\"og:description\" content=\"ELEVATOR \u2013 strategini\u0173 transformacij\u0173 biuras, skirtas verslams, nebijantiems pasitikti ateities. Ma\u017eiau emocij\u0173, daugiau pagarbos skai\u010diams.\" \/>\n<meta property=\"og:url\" content=\"https:\/\/elevator.lt\/en\/duk\/\" \/>\n<meta property=\"og:site_name\" content=\"ELEVATOR\" \/>\n<meta property=\"article:modified_time\" content=\"2025-05-12T06:23:04+00:00\" \/>\n<meta property=\"og:image\" content=\"https:\/\/elevator.lt\/wp-content\/uploads\/2023\/10\/tamsus-mygtukas-be-fono-926x1024.png\" \/>\n<script type=\"application\/ld+json\" class=\"yoast-schema-graph\">{\"@context\":\"https:\/\/schema.org\",\"@graph\":[{\"@type\":\"WebPage\",\"@id\":\"https:\/\/elevator.lt\/duk\/\",\"url\":\"https:\/\/elevator.lt\/duk\/\",\"name\":\"Strategini\u0173 Transformacij\u0173 Biuras | ELEVATOR\",\"isPartOf\":{\"@id\":\"https:\/\/elevator.lt\/#website\"},\"primaryImageOfPage\":{\"@id\":\"https:\/\/elevator.lt\/duk\/#primaryimage\"},\"image\":{\"@id\":\"https:\/\/elevator.lt\/duk\/#primaryimage\"},\"thumbnailUrl\":\"https:\/\/elevator.lt\/wp-content\/uploads\/2023\/10\/tamsus-mygtukas-be-fono-926x1024.png\",\"datePublished\":\"2025-05-06T10:40:06+00:00\",\"dateModified\":\"2025-05-12T06:23:04+00:00\",\"description\":\"ELEVATOR \u2013 strategini\u0173 transformacij\u0173 biuras, skirtas verslams, nebijantiems pasitikti ateities. Ma\u017eiau emocij\u0173, daugiau pagarbos skai\u010diams.\",\"breadcrumb\":{\"@id\":\"https:\/\/elevator.lt\/duk\/#breadcrumb\"},\"inLanguage\":\"en-GB\",\"potentialAction\":[{\"@type\":\"ReadAction\",\"target\":[\"https:\/\/elevator.lt\/duk\/\"]}]},{\"@type\":\"ImageObject\",\"inLanguage\":\"en-GB\",\"@id\":\"https:\/\/elevator.lt\/duk\/#primaryimage\",\"url\":\"https:\/\/elevator.lt\/wp-content\/uploads\/2023\/10\/tamsus-mygtukas-be-fono-926x1024.png\",\"contentUrl\":\"https:\/\/elevator.lt\/wp-content\/uploads\/2023\/10\/tamsus-mygtukas-be-fono-926x1024.png\"},{\"@type\":\"BreadcrumbList\",\"@id\":\"https:\/\/elevator.lt\/duk\/#breadcrumb\",\"itemListElement\":[{\"@type\":\"ListItem\",\"position\":1,\"name\":\"Home\",\"item\":\"https:\/\/elevator.lt\/\"},{\"@type\":\"ListItem\",\"position\":2,\"name\":\"DUK\"}]},{\"@type\":\"WebSite\",\"@id\":\"https:\/\/elevator.lt\/#website\",\"url\":\"https:\/\/elevator.lt\/\",\"name\":\"ELEVATOR\",\"description\":\"Strategini\u0173 transformacij\u0173 biuras\",\"publisher\":{\"@id\":\"https:\/\/elevator.lt\/#organization\"},\"potentialAction\":[{\"@type\":\"SearchAction\",\"target\":{\"@type\":\"EntryPoint\",\"urlTemplate\":\"https:\/\/elevator.lt\/?s={search_term_string}\"},\"query-input\":{\"@type\":\"PropertyValueSpecification\",\"valueRequired\":true,\"valueName\":\"search_term_string\"}}],\"inLanguage\":\"en-GB\"},{\"@type\":\"Organization\",\"@id\":\"https:\/\/elevator.lt\/#organization\",\"name\":\"ELEVATOR\",\"url\":\"https:\/\/elevator.lt\/\",\"logo\":{\"@type\":\"ImageObject\",\"inLanguage\":\"en-GB\",\"@id\":\"https:\/\/elevator.lt\/#\/schema\/logo\/image\/\",\"url\":\"http:\/\/elevator.lt\/wp-content\/uploads\/2023\/10\/Elevator-Logo-PNG-be-fono-01.png\",\"contentUrl\":\"http:\/\/elevator.lt\/wp-content\/uploads\/2023\/10\/Elevator-Logo-PNG-be-fono-01.png\",\"width\":3813,\"height\":1148,\"caption\":\"ELEVATOR\"},\"image\":{\"@id\":\"https:\/\/elevator.lt\/#\/schema\/logo\/image\/\"}}]}<\/script>\n<!-- \/ Yoast SEO plugin. -->","yoast_head_json":{"title":"Strategini\u0173 Transformacij\u0173 Biuras | ELEVATOR","description":"ELEVATOR \u2013 strategini\u0173 transformacij\u0173 biuras, skirtas verslams, nebijantiems pasitikti ateities. Ma\u017eiau emocij\u0173, daugiau pagarbos skai\u010diams.","robots":{"index":"index","follow":"follow","max-snippet":"max-snippet:-1","max-image-preview":"max-image-preview:large","max-video-preview":"max-video-preview:-1"},"canonical":"https:\/\/elevator.lt\/en\/duk\/","og_locale":"en_GB","og_type":"article","og_title":"Strategini\u0173 Transformacij\u0173 Biuras | ELEVATOR","og_description":"ELEVATOR \u2013 strategini\u0173 transformacij\u0173 biuras, skirtas verslams, nebijantiems pasitikti ateities. Ma\u017eiau emocij\u0173, daugiau pagarbos skai\u010diams.","og_url":"https:\/\/elevator.lt\/en\/duk\/","og_site_name":"ELEVATOR","article_modified_time":"2025-05-12T06:23:04+00:00","og_image":[{"url":"https:\/\/elevator.lt\/wp-content\/uploads\/2023\/10\/tamsus-mygtukas-be-fono-926x1024.png"}],"schema":{"@context":"https:\/\/schema.org","@graph":[{"@type":"WebPage","@id":"https:\/\/elevator.lt\/duk\/","url":"https:\/\/elevator.lt\/duk\/","name":"Strategini\u0173 Transformacij\u0173 Biuras | ELEVATOR","isPartOf":{"@id":"https:\/\/elevator.lt\/#website"},"primaryImageOfPage":{"@id":"https:\/\/elevator.lt\/duk\/#primaryimage"},"image":{"@id":"https:\/\/elevator.lt\/duk\/#primaryimage"},"thumbnailUrl":"https:\/\/elevator.lt\/wp-content\/uploads\/2023\/10\/tamsus-mygtukas-be-fono-926x1024.png","datePublished":"2025-05-06T10:40:06+00:00","dateModified":"2025-05-12T06:23:04+00:00","description":"ELEVATOR \u2013 strategini\u0173 transformacij\u0173 biuras, skirtas verslams, nebijantiems pasitikti ateities. Ma\u017eiau emocij\u0173, daugiau pagarbos skai\u010diams.","breadcrumb":{"@id":"https:\/\/elevator.lt\/duk\/#breadcrumb"},"inLanguage":"en-GB","potentialAction":[{"@type":"ReadAction","target":["https:\/\/elevator.lt\/duk\/"]}]},{"@type":"ImageObject","inLanguage":"en-GB","@id":"https:\/\/elevator.lt\/duk\/#primaryimage","url":"https:\/\/elevator.lt\/wp-content\/uploads\/2023\/10\/tamsus-mygtukas-be-fono-926x1024.png","contentUrl":"https:\/\/elevator.lt\/wp-content\/uploads\/2023\/10\/tamsus-mygtukas-be-fono-926x1024.png"},{"@type":"BreadcrumbList","@id":"https:\/\/elevator.lt\/duk\/#breadcrumb","itemListElement":[{"@type":"ListItem","position":1,"name":"Home","item":"https:\/\/elevator.lt\/"},{"@type":"ListItem","position":2,"name":"DUK"}]},{"@type":"WebSite","@id":"https:\/\/elevator.lt\/#website","url":"https:\/\/elevator.lt\/","name":"ELEVATOR","description":"Strategini\u0173 transformacij\u0173 biuras","publisher":{"@id":"https:\/\/elevator.lt\/#organization"},"potentialAction":[{"@type":"SearchAction","target":{"@type":"EntryPoint","urlTemplate":"https:\/\/elevator.lt\/?s={search_term_string}"},"query-input":{"@type":"PropertyValueSpecification","valueRequired":true,"valueName":"search_term_string"}}],"inLanguage":"en-GB"},{"@type":"Organization","@id":"https:\/\/elevator.lt\/#organization","name":"ELEVATOR","url":"https:\/\/elevator.lt\/","logo":{"@type":"ImageObject","inLanguage":"en-GB","@id":"https:\/\/elevator.lt\/#\/schema\/logo\/image\/","url":"http:\/\/elevator.lt\/wp-content\/uploads\/2023\/10\/Elevator-Logo-PNG-be-fono-01.png","contentUrl":"http:\/\/elevator.lt\/wp-content\/uploads\/2023\/10\/Elevator-Logo-PNG-be-fono-01.png","width":3813,"height":1148,"caption":"ELEVATOR"},"image":{"@id":"https:\/\/elevator.lt\/#\/schema\/logo\/image\/"}}]}},"_links":{"self":[{"href":"https:\/\/elevator.lt\/en\/wp-json\/wp\/v2\/pages\/7216"}],"collection":[{"href":"https:\/\/elevator.lt\/en\/wp-json\/wp\/v2\/pages"}],"about":[{"href":"https:\/\/elevator.lt\/en\/wp-json\/wp\/v2\/types\/page"}],"author":[{"embeddable":true,"href":"https:\/\/elevator.lt\/en\/wp-json\/wp\/v2\/users\/2"}],"replies":[{"embeddable":true,"href":"https:\/\/elevator.lt\/en\/wp-json\/wp\/v2\/comments?post=7216"}],"version-history":[{"count":29,"href":"https:\/\/elevator.lt\/en\/wp-json\/wp\/v2\/pages\/7216\/revisions"}],"predecessor-version":[{"id":7626,"href":"https:\/\/elevator.lt\/en\/wp-json\/wp\/v2\/pages\/7216\/revisions\/7626"}],"wp:attachment":[{"href":"https:\/\/elevator.lt\/en\/wp-json\/wp\/v2\/media?parent=7216"}],"curies":[{"name":"wp","href":"https:\/\/api.w.org\/{rel}","templated":true}]}}