{"id":7225,"date":"2025-05-06T10:53:07","date_gmt":"2025-05-06T10:53:07","guid":{"rendered":"https:\/\/elevator.lt\/?page_id=7225"},"modified":"2025-05-06T18:17:41","modified_gmt":"2025-05-06T18:17:41","slug":"aktualijos","status":"publish","type":"page","link":"https:\/\/elevator.lt\/en\/aktualijos\/","title":{"rendered":"Aktualijos"},"content":{"rendered":"<div data-elementor-type=\"wp-post\" data-elementor-id=\"7225\" class=\"elementor elementor-7225\" data-elementor-post-type=\"page\">\n\t\t\t\t<div class=\"elementor-element elementor-element-f3dda04 e-flex e-con-boxed e-con e-parent\" data-id=\"f3dda04\" data-element_type=\"container\" id=\"mes\" data-settings=\"{&quot;background_background&quot;:&quot;classic&quot;}\">\n\t\t\t\t\t<div class=\"e-con-inner\">\n\t\t\t\t<div class=\"elementor-element elementor-element-6a409d0 elementor-widget elementor-widget-heading\" data-id=\"6a409d0\" data-element_type=\"widget\" data-widget_type=\"heading.default\">\n\t\t\t\t<div class=\"elementor-widget-container\">\n\t\t\t\t\t<h3 class=\"elementor-heading-title elementor-size-default\">Aktualijos<\/h3>\t\t\t\t<\/div>\n\t\t\t\t<\/div>\n\t\t\t\t\t<\/div>\n\t\t\t\t<\/div>\n\t\t<div class=\"elementor-element elementor-element-31e782a e-con-full e-flex e-con e-parent\" data-id=\"31e782a\" data-element_type=\"container\" data-settings=\"{&quot;background_background&quot;:&quot;classic&quot;}\">\n\t\t<div class=\"elementor-element elementor-element-32a6506 e-con-full e-flex e-con e-child\" data-id=\"32a6506\" data-element_type=\"container\" data-settings=\"{&quot;background_background&quot;:&quot;classic&quot;}\">\n\t\t\t\t<div class=\"elementor-element elementor-element-e4bda5c elementor-widget elementor-widget-html\" data-id=\"e4bda5c\" data-element_type=\"widget\" data-widget_type=\"html.default\">\n\t\t\t\t<div class=\"elementor-widget-container\">\n\t\t\t\t\t<div class=\"naujienos-container\">\r\n  <div class=\"naujienos-middle\">\r\n       <div class=\"naujienos-news-item\">\r\n           <a href=\"https:\/\/www.vz.lt\/vadyba\/2025\/04\/28\/elevator-ikurejas-mliaukonis-kaip-sporte-taip-ir-versle-566129-566129\" target=\"_blank\" class=\"naujienos-news-item-link\">\r\n      <img decoding=\"async\" src=\"https:\/\/elevator.lt\/wp-content\/uploads\/2025\/05\/Mindaugas-Liaukonis-vz-1.webp\" alt=\"News Item 2\">\r\n        <h5 class=\"naujienos-news-item-heading\">Elevator founder M. Liaukonis: as in sports, so in business - discipline is more important than motivation\r\n<\/h5>\r\n      <\/a>\r\n    <\/div>\r\n    <div class=\"naujienos-news-item\">\r\n        <a href=\"https:\/\/www.vz.lt\/vadyba\/2025\/03\/11\/elevator-ikurejas-m-liaukonis-augantis-vadovo-nerimas-signalas-kad-verslas-atsimuse-i-lubas-564757\" target=\"_blank\" class=\"naujienos-news-item-link\">\r\n      <img decoding=\"async\" src=\"https:\/\/elevator.lt\/wp-content\/uploads\/2025\/05\/Mindaugas-Liaukonis-verslo-zinios.webp\" alt=\"News Item 2\">\r\n        <h5 class=\"naujienos-news-item-heading\">Elevator founder M. Liaukonis: the manager's growing anxiety is a signal that the business has hit the ceiling<\/h5>\r\n      <\/a>\r\n    <\/div>\r\n  <\/div>\r\n    <div class=\"naujienos-news-item\">\r\n         <a href=\"https:\/\/www.vz.lt\/vadyba\/2025\/02\/05\/strateginiu-transformaciju-biuro-elevator-ikurejas-m-liaukonis-uzuot-dirbe-sizifais-vadovai-gali-issikviesti-lifta-563244\" target=\"_blank\" class=\"naujienos-news-item-link\">\r\n      <img decoding=\"async\" src=\"https:\/\/elevator.lt\/wp-content\/uploads\/2025\/05\/Mindaugas-Liaukonis-vz.webp\" alt=\"News Item 1\">\r\n        <h5 class=\"naujienos-news-item-heading\">M. Liaukonis, founder of the strategic transformation office \"Elevator\", says: \"Instead of working like Sisyphus, managers can call an elevator\"<\/h5>\r\n      <\/a>\r\n    <\/div>\r\n  <\/div>\r\n\r\n<center><img decoding=\"async\" class=\"vz\" src=\"https:\/\/elevator.lt\/wp-content\/uploads\/2025\/05\/Verslo-zinios.webp\"><\/center>\r\n\t\t\t\t<\/div>\n\t\t\t\t<\/div>\n\t\t\t\t<\/div>\n\t\t\t\t<\/div>\n\t\t\t\t<\/div>","protected":false},"excerpt":{"rendered":"<p>Aktualijos Elevator \u012fk\u016br\u0117jas M. Liaukonis: kaip sporte, taip ir versle \u2013 u\u017e motyvacij\u0105 svarbiau disciplina Elevator \u012fk\u016br\u0117jas M. Liaukonis: augantis vadovo nerimas \u2013 signalas, kad verslas atsimu\u0161\u0117 \u012f lubas Strategini\u0173 transformacij\u0173 biuro \u201eElevator\u201c \u012fk\u016br\u0117jas M. Liaukonis: \u201eU\u017euot dirb\u0119 Sizifais, vadovai gali i\u0161sikviesti lift\u0105\u201c<\/p>","protected":false},"author":2,"featured_media":0,"parent":0,"menu_order":0,"comment_status":"closed","ping_status":"closed","template":"","meta":{"_monsterinsights_skip_tracking":false,"_monsterinsights_sitenote_active":false,"_monsterinsights_sitenote_note":"","_monsterinsights_sitenote_category":0,"site-sidebar-layout":"no-sidebar","site-content-layout":"","ast-site-content-layout":"full-width-container","site-content-style":"default","site-sidebar-style":"default","ast-global-header-display":"","ast-banner-title-visibility":"","ast-main-header-display":"","ast-hfb-above-header-display":"","ast-hfb-below-header-display":"","ast-hfb-mobile-header-display":"","site-post-title":"disabled","ast-breadcrumbs-content":"","ast-featured-img":"disabled","footer-sml-layout":"","theme-transparent-header-meta":"","adv-header-id-meta":"","stick-header-meta":"","header-above-stick-meta":"","header-main-stick-meta":"","header-below-stick-meta":"","astra-migrate-meta-layouts":"default","ast-page-background-enabled":"default","ast-page-background-meta":{"desktop":{"background-color":"var(--ast-global-color-4)","background-image":"","background-repeat":"repeat","background-position":"center center","background-size":"auto","background-attachment":"scroll","background-type":"","background-media":"","overlay-type":"","overlay-color":"","overlay-opacity":"","overlay-gradient":""},"tablet":{"background-color":"","background-image":"","background-repeat":"repeat","background-position":"center center","background-size":"auto","background-attachment":"scroll","background-type":"","background-media":"","overlay-type":"","overlay-color":"","overlay-opacity":"","overlay-gradient":""},"mobile":{"background-color":"","background-image":"","background-repeat":"repeat","background-position":"center center","background-size":"auto","background-attachment":"scroll","background-type":"","background-media":"","overlay-type":"","overlay-color":"","overlay-opacity":"","overlay-gradient":""}},"ast-content-background-meta":{"desktop":{"background-color":"var(--ast-global-color-5)","background-image":"","background-repeat":"repeat","background-position":"center center","background-size":"auto","background-attachment":"scroll","background-type":"","background-media":"","overlay-type":"","overlay-color":"","overlay-opacity":"","overlay-gradient":""},"tablet":{"background-color":"var(--ast-global-color-5)","background-image":"","background-repeat":"repeat","background-position":"center center","background-size":"auto","background-attachment":"scroll","background-type":"","background-media":"","overlay-type":"","overlay-color":"","overlay-opacity":"","overlay-gradient":""},"mobile":{"background-color":"var(--ast-global-color-5)","background-image":"","background-repeat":"repeat","background-position":"center center","background-size":"auto","background-attachment":"scroll","background-type":"","background-media":"","overlay-type":"","overlay-color":"","overlay-opacity":"","overlay-gradient":""}},"footnotes":""},"class_list":["post-7225","page","type-page","status-publish","hentry"],"yoast_head":"<!-- This site is optimized with the Yoast SEO plugin v23.4 - https:\/\/yoast.com\/wordpress\/plugins\/seo\/ -->\n<title>Aktualijos | Mindaugo Liaukonio Strategini\u0173 Transformacij\u0173 Biuras | ELEVATOR<\/title>\n<meta name=\"description\" content=\"Mindaugo Liaukonio strategini\u0173 transformacij\u0173 biuras ELEVATOR. Paslaugos J\u016bs\u0173 verslo augimui, transformacijoms ar krizi\u0173 \u012fveikimui.\" \/>\n<meta name=\"robots\" content=\"index, follow, max-snippet:-1, max-image-preview:large, max-video-preview:-1\" \/>\n<link rel=\"canonical\" href=\"https:\/\/elevator.lt\/en\/aktualijos\/\" \/>\n<meta property=\"og:locale\" content=\"en_GB\" \/>\n<meta property=\"og:type\" content=\"article\" \/>\n<meta property=\"og:title\" content=\"Aktualijos | Mindaugo Liaukonio Strategini\u0173 Transformacij\u0173 Biuras | ELEVATOR\" \/>\n<meta property=\"og:description\" content=\"Mindaugo Liaukonio strategini\u0173 transformacij\u0173 biuras ELEVATOR. Paslaugos J\u016bs\u0173 verslo augimui, transformacijoms ar krizi\u0173 \u012fveikimui.\" \/>\n<meta property=\"og:url\" content=\"https:\/\/elevator.lt\/en\/aktualijos\/\" \/>\n<meta property=\"og:site_name\" content=\"ELEVATOR\" \/>\n<meta property=\"article:modified_time\" content=\"2025-05-06T18:17:41+00:00\" \/>\n<meta property=\"og:image\" content=\"https:\/\/elevator.lt\/wp-content\/uploads\/2025\/05\/Mindaugas-Liaukonis-vz-1.webp\" \/>\n<script type=\"application\/ld+json\" class=\"yoast-schema-graph\">{\"@context\":\"https:\/\/schema.org\",\"@graph\":[{\"@type\":\"WebPage\",\"@id\":\"https:\/\/elevator.lt\/aktualijos\/\",\"url\":\"https:\/\/elevator.lt\/aktualijos\/\",\"name\":\"Aktualijos | Mindaugo Liaukonio Strategini\u0173 Transformacij\u0173 Biuras | ELEVATOR\",\"isPartOf\":{\"@id\":\"https:\/\/elevator.lt\/#website\"},\"primaryImageOfPage\":{\"@id\":\"https:\/\/elevator.lt\/aktualijos\/#primaryimage\"},\"image\":{\"@id\":\"https:\/\/elevator.lt\/aktualijos\/#primaryimage\"},\"thumbnailUrl\":\"https:\/\/elevator.lt\/wp-content\/uploads\/2025\/05\/Mindaugas-Liaukonis-vz-1.webp\",\"datePublished\":\"2025-05-06T10:53:07+00:00\",\"dateModified\":\"2025-05-06T18:17:41+00:00\",\"description\":\"Mindaugo Liaukonio strategini\u0173 transformacij\u0173 biuras ELEVATOR. Paslaugos J\u016bs\u0173 verslo augimui, transformacijoms ar krizi\u0173 \u012fveikimui.\",\"breadcrumb\":{\"@id\":\"https:\/\/elevator.lt\/aktualijos\/#breadcrumb\"},\"inLanguage\":\"en-GB\",\"potentialAction\":[{\"@type\":\"ReadAction\",\"target\":[\"https:\/\/elevator.lt\/aktualijos\/\"]}]},{\"@type\":\"ImageObject\",\"inLanguage\":\"en-GB\",\"@id\":\"https:\/\/elevator.lt\/aktualijos\/#primaryimage\",\"url\":\"https:\/\/elevator.lt\/wp-content\/uploads\/2025\/05\/Mindaugas-Liaukonis-vz-1.webp\",\"contentUrl\":\"https:\/\/elevator.lt\/wp-content\/uploads\/2025\/05\/Mindaugas-Liaukonis-vz-1.webp\"},{\"@type\":\"BreadcrumbList\",\"@id\":\"https:\/\/elevator.lt\/aktualijos\/#breadcrumb\",\"itemListElement\":[{\"@type\":\"ListItem\",\"position\":1,\"name\":\"Home\",\"item\":\"https:\/\/elevator.lt\/\"},{\"@type\":\"ListItem\",\"position\":2,\"name\":\"Aktualijos\"}]},{\"@type\":\"WebSite\",\"@id\":\"https:\/\/elevator.lt\/#website\",\"url\":\"https:\/\/elevator.lt\/\",\"name\":\"ELEVATOR\",\"description\":\"Strategini\u0173 transformacij\u0173 biuras\",\"publisher\":{\"@id\":\"https:\/\/elevator.lt\/#organization\"},\"potentialAction\":[{\"@type\":\"SearchAction\",\"target\":{\"@type\":\"EntryPoint\",\"urlTemplate\":\"https:\/\/elevator.lt\/?s={search_term_string}\"},\"query-input\":{\"@type\":\"PropertyValueSpecification\",\"valueRequired\":true,\"valueName\":\"search_term_string\"}}],\"inLanguage\":\"en-GB\"},{\"@type\":\"Organization\",\"@id\":\"https:\/\/elevator.lt\/#organization\",\"name\":\"ELEVATOR\",\"url\":\"https:\/\/elevator.lt\/\",\"logo\":{\"@type\":\"ImageObject\",\"inLanguage\":\"en-GB\",\"@id\":\"https:\/\/elevator.lt\/#\/schema\/logo\/image\/\",\"url\":\"http:\/\/elevator.lt\/wp-content\/uploads\/2023\/10\/Elevator-Logo-PNG-be-fono-01.png\",\"contentUrl\":\"http:\/\/elevator.lt\/wp-content\/uploads\/2023\/10\/Elevator-Logo-PNG-be-fono-01.png\",\"width\":3813,\"height\":1148,\"caption\":\"ELEVATOR\"},\"image\":{\"@id\":\"https:\/\/elevator.lt\/#\/schema\/logo\/image\/\"}}]}<\/script>\n<!-- \/ Yoast SEO plugin. -->","yoast_head_json":{"title":"Aktualijos | Mindaugo Liaukonio Strategini\u0173 Transformacij\u0173 Biuras | ELEVATOR","description":"Mindaugo Liaukonio strategini\u0173 transformacij\u0173 biuras ELEVATOR. Paslaugos J\u016bs\u0173 verslo augimui, transformacijoms ar krizi\u0173 \u012fveikimui.","robots":{"index":"index","follow":"follow","max-snippet":"max-snippet:-1","max-image-preview":"max-image-preview:large","max-video-preview":"max-video-preview:-1"},"canonical":"https:\/\/elevator.lt\/en\/aktualijos\/","og_locale":"en_GB","og_type":"article","og_title":"Aktualijos | Mindaugo Liaukonio Strategini\u0173 Transformacij\u0173 Biuras | ELEVATOR","og_description":"Mindaugo Liaukonio strategini\u0173 transformacij\u0173 biuras ELEVATOR. Paslaugos J\u016bs\u0173 verslo augimui, transformacijoms ar krizi\u0173 \u012fveikimui.","og_url":"https:\/\/elevator.lt\/en\/aktualijos\/","og_site_name":"ELEVATOR","article_modified_time":"2025-05-06T18:17:41+00:00","og_image":[{"url":"https:\/\/elevator.lt\/wp-content\/uploads\/2025\/05\/Mindaugas-Liaukonis-vz-1.webp"}],"schema":{"@context":"https:\/\/schema.org","@graph":[{"@type":"WebPage","@id":"https:\/\/elevator.lt\/aktualijos\/","url":"https:\/\/elevator.lt\/aktualijos\/","name":"Aktualijos | Mindaugo Liaukonio Strategini\u0173 Transformacij\u0173 Biuras | ELEVATOR","isPartOf":{"@id":"https:\/\/elevator.lt\/#website"},"primaryImageOfPage":{"@id":"https:\/\/elevator.lt\/aktualijos\/#primaryimage"},"image":{"@id":"https:\/\/elevator.lt\/aktualijos\/#primaryimage"},"thumbnailUrl":"https:\/\/elevator.lt\/wp-content\/uploads\/2025\/05\/Mindaugas-Liaukonis-vz-1.webp","datePublished":"2025-05-06T10:53:07+00:00","dateModified":"2025-05-06T18:17:41+00:00","description":"Mindaugo Liaukonio strategini\u0173 transformacij\u0173 biuras ELEVATOR. Paslaugos J\u016bs\u0173 verslo augimui, transformacijoms ar krizi\u0173 \u012fveikimui.","breadcrumb":{"@id":"https:\/\/elevator.lt\/aktualijos\/#breadcrumb"},"inLanguage":"en-GB","potentialAction":[{"@type":"ReadAction","target":["https:\/\/elevator.lt\/aktualijos\/"]}]},{"@type":"ImageObject","inLanguage":"en-GB","@id":"https:\/\/elevator.lt\/aktualijos\/#primaryimage","url":"https:\/\/elevator.lt\/wp-content\/uploads\/2025\/05\/Mindaugas-Liaukonis-vz-1.webp","contentUrl":"https:\/\/elevator.lt\/wp-content\/uploads\/2025\/05\/Mindaugas-Liaukonis-vz-1.webp"},{"@type":"BreadcrumbList","@id":"https:\/\/elevator.lt\/aktualijos\/#breadcrumb","itemListElement":[{"@type":"ListItem","position":1,"name":"Home","item":"https:\/\/elevator.lt\/"},{"@type":"ListItem","position":2,"name":"Aktualijos"}]},{"@type":"WebSite","@id":"https:\/\/elevator.lt\/#website","url":"https:\/\/elevator.lt\/","name":"ELEVATOR","description":"Strategini\u0173 transformacij\u0173 biuras","publisher":{"@id":"https:\/\/elevator.lt\/#organization"},"potentialAction":[{"@type":"SearchAction","target":{"@type":"EntryPoint","urlTemplate":"https:\/\/elevator.lt\/?s={search_term_string}"},"query-input":{"@type":"PropertyValueSpecification","valueRequired":true,"valueName":"search_term_string"}}],"inLanguage":"en-GB"},{"@type":"Organization","@id":"https:\/\/elevator.lt\/#organization","name":"ELEVATOR","url":"https:\/\/elevator.lt\/","logo":{"@type":"ImageObject","inLanguage":"en-GB","@id":"https:\/\/elevator.lt\/#\/schema\/logo\/image\/","url":"http:\/\/elevator.lt\/wp-content\/uploads\/2023\/10\/Elevator-Logo-PNG-be-fono-01.png","contentUrl":"http:\/\/elevator.lt\/wp-content\/uploads\/2023\/10\/Elevator-Logo-PNG-be-fono-01.png","width":3813,"height":1148,"caption":"ELEVATOR"},"image":{"@id":"https:\/\/elevator.lt\/#\/schema\/logo\/image\/"}}]}},"_links":{"self":[{"href":"https:\/\/elevator.lt\/en\/wp-json\/wp\/v2\/pages\/7225"}],"collection":[{"href":"https:\/\/elevator.lt\/en\/wp-json\/wp\/v2\/pages"}],"about":[{"href":"https:\/\/elevator.lt\/en\/wp-json\/wp\/v2\/types\/page"}],"author":[{"embeddable":true,"href":"https:\/\/elevator.lt\/en\/wp-json\/wp\/v2\/users\/2"}],"replies":[{"embeddable":true,"href":"https:\/\/elevator.lt\/en\/wp-json\/wp\/v2\/comments?post=7225"}],"version-history":[{"count":14,"href":"https:\/\/elevator.lt\/en\/wp-json\/wp\/v2\/pages\/7225\/revisions"}],"predecessor-version":[{"id":7393,"href":"https:\/\/elevator.lt\/en\/wp-json\/wp\/v2\/pages\/7225\/revisions\/7393"}],"wp:attachment":[{"href":"https:\/\/elevator.lt\/en\/wp-json\/wp\/v2\/media?parent=7225"}],"curies":[{"name":"wp","href":"https:\/\/api.w.org\/{rel}","templated":true}]}}